{"id":53,"date":"2020-04-15T12:12:11","date_gmt":"2020-04-15T10:12:11","guid":{"rendered":"http:\/\/www.isg-gmbh.at\/?page_id=53"},"modified":"2020-07-06T14:01:48","modified_gmt":"2020-07-06T12:01:48","slug":"behandlungsraum","status":"publish","type":"page","link":"http:\/\/isg-gmbh.at\/?page_id=53","title":{"rendered":"Behandlungseinheiten"},"content":{"rendered":"<div class=\"vce-row-container\"><div class=\"vce-row vce-row--col-gap-30 vce-row-columns--top vce-row-content--top\" id=\"el-a9dcc54e\" data-vce-do-apply=\"all el-a9dcc54e\"><div class=\"vce-row-content\" data-vce-element-content=\"true\"><div class=\"vce-col vce-col--md-auto vce-col--xs-1 vce-col--xs-last vce-col--xs-first vce-col--sm-last vce-col--sm-first vce-col--md-first vce-col--lg-first vce-col--xl-first\" id=\"el-bbd015ee\"><div class=\"vce-col-inner\" data-vce-do-apply=\"border margin background  el-bbd015ee\"><div class=\"vce-col-content\" data-vce-element-content=\"true\" data-vce-do-apply=\"padding el-bbd015ee\"><div class=\"vce-text-block\"><div class=\"vce-text-block-wrapper vce\" id=\"el-4f39edb3\" data-vce-do-apply=\"all el-4f39edb3\">\n<p><strong>VITALI<\/strong> hat \u00fcber viele Jahrzehnte eine lange Tradition in der Herstellung von Zahnarzt Behandlungsst\u00fchlen aufgebaut. Erfahrung, Technologie und die Suche nach immer neuen Designideen zeichnet das Unternehmen aus. Wenige Hersteller in der Dentalbranche legen so viel Wert auf Qualit\u00e4t, Transparenz und eine enge Kundenanbindung.<\/p>\n\n<p>VITALI verf\u00fcgt \u00fcber 4 jeweils an den individuellen Bedarf angepasste Modelle:<\/p>\n<ul>\n<li><strong>V8<\/strong><\/li>\n<li><strong>V8 Touch<\/strong><\/li>\n<li><strong>T5 Evo Plus<\/strong><\/li>\n<li><strong>T5 Master<\/strong><\/li>\n<\/ul>\n<p>Jedes Modell kann f\u00fcr die pers\u00f6nlichen W\u00fcnsche adaptiert und modifiziert werden. Weiters kann ein bereits vorhandener Behandlungsstuhl durch das fahrbare Dental Kart <strong>CLIP 6<\/strong> erweitert werden. Die schwenkbaren K\u00f6cherablagen bieten Platz f\u00fcr bis zu 8 Instrumente.&nbsp;<\/p>\n\n<p>Da die richtige Sitzergonomie f\u00fcr die Gesundheit des Behandlers entscheidend ist, bietet VITALI verschiedene Modelle von <strong>Arzthockern<\/strong> (mit Armlehne, ohne Armlehne, etc.) an. Alle Modelle besitzen eine Gasdruckfeder und k\u00f6nnen so schnell und komfortabel an die Behandlungsh\u00f6he angepasst werden. Selbstbremsende Rollen und die anatomisch geformte R\u00fcckenlehne erh\u00f6hen den Komfort.<\/p>\n\n<p>Die herausragenden <strong>Unterschiede<\/strong> und <strong>Vorteile<\/strong> der VITALI Behandlungseinheiten liegen in folgenden Punkten:<\/p>\n<ul>\n<li>Ergonomie f\u00fcr Arzt und Patient<\/li>\n<li>pneumatische Einstellung der Nackenst\u00fctze<\/li>\n<li>kompakte Abmessung der Behandlungseinheit<\/li>\n<li>M\u00f6glichkeit der multimedialen Ausstattung<\/li>\n<li>Positionierung des Instrumententisches mittels pneumatischer Bremse<\/li>\n<li>Peitschen mit Endanschlag<\/li>\n<li>schwenkbare Speischale<\/li>\n<\/ul>\n\n<p>Im pers\u00f6nlichen Gespr\u00e4ch informieren wir gerne \u00fcber die weiteren M\u00f6glichkeiten bzgl.: <strong>OP-Leuchte<\/strong>, <strong>Mikromotoren<\/strong>, <strong>piezoelektronische Scaler<\/strong>, <strong>Hand- und Winkelst\u00fccke<\/strong>, sowie <strong>Chirurgieger\u00e4t<\/strong>.<\/p>\n<p>N\u00e4here Informationen finden Sie auch auf der Seite von VITALI - <a href=\"https:\/\/www.vitali.com\/de\/\">https:\/\/www.vitali.com\/de\/<\/a><\/p>\n<p>&nbsp;<\/p>\n\n<p>&nbsp;<\/p>\n<p>&nbsp;<\/p>\n<p>&nbsp;<\/p>\n<\/div><\/div><\/div><\/div><\/div><div class=\"vce-col vce-col--md-auto vce-col--xs-1 vce-col--xs-last vce-col--xs-first vce-col--sm-last vce-col--sm-first vce-col--md-last vce-col--lg-last vce-col--xl-last\" id=\"el-c0e20cc6\"><div class=\"vce-col-inner\" data-vce-do-apply=\"border margin background  el-c0e20cc6\"><div class=\"vce-col-content\" data-vce-element-content=\"true\" data-vce-do-apply=\"padding el-c0e20cc6\"><div class=\"vce-single-image-container vce-single-image--align-center\"><div class=\"vce vce-single-image-wrapper\" id=\"el-6d740deb\" data-vce-do-apply=\"all el-6d740deb\"><figure><div class=\"vce-single-image-inner vce-single-image--absolute\" style=\"padding-bottom: 100%; width: 300px;\"><img class=\"vce-single-image\" width=\"300\" height=\"300\"src=\"http:\/\/isg-gmbh.at\/wp-content\/uploads\/2020\/07\/v8touch_sopra-300x300.jpg\" srcset=\"http:\/\/isg-gmbh.at\/wp-content\/uploads\/2020\/07\/v8touch_sopra-300x300.jpg 300w\" data-img-src=\"http:\/\/isg-gmbh.at\/wp-content\/uploads\/2020\/05\/v8touch_sopra.jpg\" alt=\"\" title=\"V8 Touch\" \/><\/div><figcaption hidden=\"\"><\/figcaption><\/figure><\/div><\/div><div class=\"vce-single-image-container vce-single-image--align-center\"><div class=\"vce vce-single-image-wrapper\" id=\"el-908031cb\" data-vce-do-apply=\"all el-908031cb\"><figure><div class=\"vce-single-image-inner vce-single-image--absolute\" style=\"padding-bottom: 100%; width: 250px;\"><img class=\"vce-single-image\" width=\"250\" height=\"250\"src=\"http:\/\/isg-gmbh.at\/wp-content\/uploads\/2020\/07\/clip6_full-250x250.jpg\" srcset=\"http:\/\/isg-gmbh.at\/wp-content\/uploads\/2020\/07\/clip6_full-250x250.jpg 250w\" data-img-src=\"http:\/\/isg-gmbh.at\/wp-content\/uploads\/2020\/05\/clip6_full.jpg\" alt=\"\" title=\"CLIP 6\" \/><\/div><figcaption hidden=\"\"><\/figcaption><\/figure><\/div><\/div><div class=\"vce-single-image-container vce-single-image--align-center\"><div class=\"vce vce-single-image-wrapper\" id=\"el-41890fdf\" data-vce-do-apply=\"all el-41890fdf\"><figure><div class=\"vce-single-image-inner vce-single-image--absolute\" style=\"padding-bottom: 46.33333333333333%; width: 300px;\"><img class=\"vce-single-image\" width=\"300\" height=\"139\"src=\"http:\/\/isg-gmbh.at\/wp-content\/uploads\/2020\/07\/Estro-PL-300x139.jpg\" srcset=\"http:\/\/isg-gmbh.at\/wp-content\/uploads\/2020\/07\/Estro-PL-300x139.jpg 300w\" data-img-src=\"http:\/\/isg-gmbh.at\/wp-content\/uploads\/2020\/05\/Estro-PL.jpg\" alt=\"\" title=\"Hocker\" \/><\/div><figcaption hidden=\"\"><\/figcaption><\/figure><\/div><\/div><div class=\"vce-single-image-container vce-single-image--align-center\"><div class=\"vce vce-single-image-wrapper\" id=\"el-5c24a5cc\" data-vce-do-apply=\"all el-5c24a5cc\"><figure><div class=\"vce-single-image-inner vce-single-image--absolute\" style=\"padding-bottom: 100%; width: 250px;\"><img class=\"vce-single-image\" width=\"250\" height=\"250\"src=\"http:\/\/isg-gmbh.at\/wp-content\/uploads\/2020\/07\/t5evoplus_strumenti-1-250x250.jpg\" srcset=\"http:\/\/isg-gmbh.at\/wp-content\/uploads\/2020\/07\/t5evoplus_strumenti-1-250x250.jpg 250w\" data-img-src=\"http:\/\/isg-gmbh.at\/wp-content\/uploads\/2020\/05\/t5evoplus_strumenti-1.jpg\" alt=\"\" title=\"Kopf und Fuss\" \/><\/div><figcaption hidden=\"\"><\/figcaption><\/figure><\/div><\/div><div class=\"vce-single-image-container vce-single-image--align-center\"><div class=\"vce vce-single-image-wrapper\" id=\"el-d4ef14f0\" data-vce-do-apply=\"all el-d4ef14f0\"><figure><div class=\"vce-single-image-inner vce-single-image--absolute\" style=\"padding-bottom: 100%; width: 250px;\"><img class=\"vce-single-image\" width=\"250\" height=\"250\"src=\"http:\/\/isg-gmbh.at\/wp-content\/uploads\/2020\/07\/v8touch_schermo-250x250.jpg\" srcset=\"http:\/\/isg-gmbh.at\/wp-content\/uploads\/2020\/07\/v8touch_schermo-250x250.jpg 250w\" data-img-src=\"http:\/\/isg-gmbh.at\/wp-content\/uploads\/2020\/05\/v8touch_schermo.jpg\" alt=\"\" title=\"Touch Pad\" \/><\/div><figcaption hidden=\"\"><\/figcaption><\/figure><\/div><\/div><\/div><\/div><\/div><\/div><\/div><\/div>","protected":false},"excerpt":{"rendered":"<p>VITALI hat \u00fcber viele Jahrzehnte eine lange Tradition in der Herstellung von Zahnarzt Behandlungsst\u00fchlen aufgebaut. Erfahrung, Technologie und die Suche nach immer neuen Designideen zeichnet das Unternehmen aus. Wenige Hersteller in der Dentalbranche legen so viel Wert auf Qualit\u00e4t, Transparenz und eine enge Kundenanbindung. VITALI verf\u00fcgt \u00fcber 4 jeweils an den individuellen Bedarf angepasste Modelle: [&hellip;]<\/p>\n","protected":false},"author":1,"featured_media":0,"parent":0,"menu_order":1,"comment_status":"closed","ping_status":"closed","template":"templates\/flexible-pro-services.php","meta":[],"_links":{"self":[{"href":"http:\/\/isg-gmbh.at\/index.php?rest_route=\/wp\/v2\/pages\/53"}],"collection":[{"href":"http:\/\/isg-gmbh.at\/index.php?rest_route=\/wp\/v2\/pages"}],"about":[{"href":"http:\/\/isg-gmbh.at\/index.php?rest_route=\/wp\/v2\/types\/page"}],"author":[{"embeddable":true,"href":"http:\/\/isg-gmbh.at\/index.php?rest_route=\/wp\/v2\/users\/1"}],"replies":[{"embeddable":true,"href":"http:\/\/isg-gmbh.at\/index.php?rest_route=%2Fwp%2Fv2%2Fcomments&post=53"}],"version-history":[{"count":0,"href":"http:\/\/isg-gmbh.at\/index.php?rest_route=\/wp\/v2\/pages\/53\/revisions"}],"wp:attachment":[{"href":"http:\/\/isg-gmbh.at\/index.php?rest_route=%2Fwp%2Fv2%2Fmedia&parent=53"}],"curies":[{"name":"wp","href":"https:\/\/api.w.org\/{rel}","templated":true}]}}