{"id":55,"date":"2020-04-15T12:17:37","date_gmt":"2020-04-15T10:17:37","guid":{"rendered":"http:\/\/www.isg-gmbh.at\/?page_id=55"},"modified":"2020-05-27T13:25:51","modified_gmt":"2020-05-27T11:25:51","slug":"stahlmoebel","status":"publish","type":"page","link":"http:\/\/isg-gmbh.at\/?page_id=55","title":{"rendered":"Stahlm\u00f6bel"},"content":{"rendered":"<div class=\"vce-row-container\"><div class=\"vce-row vce-row--col-gap-30 vce-row-columns--top vce-row-content--top\" id=\"el-fb1f54a3\" data-vce-do-apply=\"all el-fb1f54a3\"><div class=\"vce-row-content\" data-vce-element-content=\"true\"><div class=\"vce-col vce-col--md-auto vce-col--xs-1 vce-col--xs-last vce-col--xs-first vce-col--sm-last vce-col--sm-first vce-col--md-first vce-col--lg-first vce-col--xl-first\" id=\"el-cd3658c4\"><div class=\"vce-col-inner\" data-vce-do-apply=\"border margin background  el-cd3658c4\"><div class=\"vce-col-content\" data-vce-element-content=\"true\" data-vce-do-apply=\"padding el-cd3658c4\"><div class=\"vce-text-block\"><div class=\"vce-text-block-wrapper vce\" id=\"el-f2b12b3b\" data-vce-do-apply=\"all el-f2b12b3b\">\n<p><strong>Stahlm\u00f6bel<\/strong> von <em>Rossicaws<\/em> dienen nicht nur als Arbeitsfl\u00e4che in der Ordination, sondern auch als Stilelement, welches den Behandlungsraum optisch bereichert. Hygiene, Komfort und Design werden in diesen Stahlm\u00f6beln vereint. Scharniere und F\u00fchrungen laufen ger\u00e4uschlos und sind zuverl\u00e4ssig. Die Ausz\u00fcge gew\u00e4hrleisten absolute Hygiene und sind problemlos zu reinigen. F\u00fcr alle Stahlm\u00f6bel wird Metall verwendet, welches nicht por\u00f6s ist und eindringende Verunreinigungen abwehrt.<br>Da jeder Behandler seine individuellen Gewohnheiten pflegt, k\u00f6nnen die Stahlm\u00f6bel an die W\u00fcnsche angepasst werden - ob an der Wand h\u00e4ngend, oder stehend, alles ist m\u00f6glich.<\/p>\n\n\n\n<p>F\u00fcr kleinste R\u00e4umlichkeiten gibt es einen pulverbeschichteten <strong>Trolley<\/strong>, der \u00dcbersicht und Ordnung verschafft. Auch hier kann aus unterschiedlichen Modellen gew\u00e4hlt werden: Trolley mit Ablagef\u00e4chern \/ Stromverteiler, schmale Lade &amp; mittlere Lade \/ Ablageplatte \/ ...<\/p>\n\n\n\n<p>Als Erg\u00e4nzung bietet sich das <strong>Hygienecenter<\/strong> an, welches Seife, Desinfektionsmittel, Papierhandt\u00fccher, Sp\u00fclbecher, Mundmasken und Handschutz kompakt, griffbereit und hygienisch an einem Ort aufbewahrt.<\/p>\n\n\n\n<p><br><\/p>\n<\/div><\/div><\/div><\/div><\/div><div class=\"vce-col vce-col--md-auto vce-col--xs-1 vce-col--xs-last vce-col--xs-first vce-col--sm-last vce-col--sm-first vce-col--md-last vce-col--lg-last vce-col--xl-last\" id=\"el-6dd20aa0\"><div class=\"vce-col-inner\" data-vce-do-apply=\"border margin background  el-6dd20aa0\"><div class=\"vce-col-content\" data-vce-element-content=\"true\" data-vce-do-apply=\"padding el-6dd20aa0\"><div class=\"vce-single-image-container vce-single-image--align-left\"><div class=\"vce vce-single-image-wrapper\" id=\"el-205f295c\" data-vce-do-apply=\"all el-205f295c\"><figure><div class=\"vce-single-image-inner vce-single-image--absolute\" style=\"padding-bottom: 40.8203125%; width: 1024px;\"><img class=\"vce-single-image\" width=\"1024\" height=\"418\"src=\"http:\/\/isg-gmbh.at\/wp-content\/uploads\/2020\/05\/Stahlmoebel-stehend-Format-1024x418.jpg\" srcset=\"http:\/\/isg-gmbh.at\/wp-content\/uploads\/2020\/05\/Stahlmoebel-stehend-Format-320x131.jpg 320w,http:\/\/isg-gmbh.at\/wp-content\/uploads\/2020\/05\/Stahlmoebel-stehend-Format-480x196.jpg 480w,http:\/\/isg-gmbh.at\/wp-content\/uploads\/2020\/05\/Stahlmoebel-stehend-Format-800x327.jpg 800w,http:\/\/isg-gmbh.at\/wp-content\/uploads\/2020\/05\/Stahlmoebel-stehend-Format-1024x418.jpg 1024w\" data-img-src=\"http:\/\/isg-gmbh.at\/wp-content\/uploads\/2020\/05\/Stahlmoebel-stehend-Format.jpg\" alt=\"\" title=\"Stahlmoebel stehend\" \/><\/div><figcaption hidden=\"\"><\/figcaption><\/figure><\/div><\/div><div class=\"vce-single-image-container vce-single-image--align-center\"><div class=\"vce vce-single-image-wrapper\" id=\"el-34870505\" data-vce-do-apply=\"all el-34870505\"><figure><div class=\"vce-single-image-inner vce-single-image--absolute\" style=\"padding-bottom: 75%; width: 300px;\"><img class=\"vce-single-image\" width=\"300\" height=\"225\"src=\"http:\/\/isg-gmbh.at\/wp-content\/uploads\/2020\/05\/Stahlmoebel-haengend-Format-300x225.jpg\" srcset=\"http:\/\/isg-gmbh.at\/wp-content\/uploads\/2020\/05\/Stahlmoebel-haengend-Format-300x225.jpg 300w\" data-img-src=\"http:\/\/isg-gmbh.at\/wp-content\/uploads\/2020\/05\/Stahlmoebel-haengend-Format.jpg\" alt=\"\" title=\"Stahlmoebel haengend\" \/><\/div><figcaption hidden=\"\"><\/figcaption><\/figure><\/div><\/div><div class=\"vce-single-image-container vce-single-image--align-center\"><div class=\"vce vce-single-image-wrapper\" id=\"el-dd5f25ab\" data-vce-do-apply=\"all el-dd5f25ab\"><figure><div class=\"vce-single-image-inner vce-single-image--absolute\" style=\"padding-bottom: 66.66666666666666%; width: 300px;\"><img class=\"vce-single-image\" width=\"300\" height=\"200\"src=\"http:\/\/isg-gmbh.at\/wp-content\/uploads\/2020\/05\/Hygienecenter-Format-300x200.jpg\" srcset=\"http:\/\/isg-gmbh.at\/wp-content\/uploads\/2020\/05\/Hygienecenter-Format-300x200.jpg 300w\" data-img-src=\"http:\/\/isg-gmbh.at\/wp-content\/uploads\/2020\/05\/Hygienecenter-Format.jpg\" alt=\"\" title=\"Hygienecenter\" \/><\/div><figcaption hidden=\"\"><\/figcaption><\/figure><\/div><\/div><\/div><\/div><\/div><\/div><\/div><\/div>","protected":false},"excerpt":{"rendered":"<p>Stahlm\u00f6bel von Rossicaws dienen nicht nur als Arbeitsfl\u00e4che in der Ordination, sondern auch als Stilelement, welches den Behandlungsraum optisch bereichert. Hygiene, Komfort und Design werden in diesen Stahlm\u00f6beln vereint. Scharniere und F\u00fchrungen laufen ger\u00e4uschlos und sind zuverl\u00e4ssig. Die Ausz\u00fcge gew\u00e4hrleisten absolute Hygiene und sind problemlos zu reinigen. F\u00fcr alle Stahlm\u00f6bel wird Metall verwendet, welches nicht [&hellip;]<\/p>\n","protected":false},"author":1,"featured_media":0,"parent":0,"menu_order":3,"comment_status":"closed","ping_status":"closed","template":"templates\/flexible-pro-services.php","meta":[],"_links":{"self":[{"href":"http:\/\/isg-gmbh.at\/index.php?rest_route=\/wp\/v2\/pages\/55"}],"collection":[{"href":"http:\/\/isg-gmbh.at\/index.php?rest_route=\/wp\/v2\/pages"}],"about":[{"href":"http:\/\/isg-gmbh.at\/index.php?rest_route=\/wp\/v2\/types\/page"}],"author":[{"embeddable":true,"href":"http:\/\/isg-gmbh.at\/index.php?rest_route=\/wp\/v2\/users\/1"}],"replies":[{"embeddable":true,"href":"http:\/\/isg-gmbh.at\/index.php?rest_route=%2Fwp%2Fv2%2Fcomments&post=55"}],"version-history":[{"count":0,"href":"http:\/\/isg-gmbh.at\/index.php?rest_route=\/wp\/v2\/pages\/55\/revisions"}],"wp:attachment":[{"href":"http:\/\/isg-gmbh.at\/index.php?rest_route=%2Fwp%2Fv2%2Fmedia&parent=55"}],"curies":[{"name":"wp","href":"https:\/\/api.w.org\/{rel}","templated":true}]}}