{"id":61,"date":"2020-04-15T12:32:47","date_gmt":"2020-04-15T10:32:47","guid":{"rendered":"http:\/\/www.isg-gmbh.at\/?page_id=61"},"modified":"2020-12-07T16:18:43","modified_gmt":"2020-12-07T15:18:43","slug":"roentgenraum","status":"publish","type":"page","link":"http:\/\/isg-gmbh.at\/?page_id=61","title":{"rendered":"Intraoralr\u00f6ntgen"},"content":{"rendered":"<div class=\"vce-row-container\"><div class=\"vce-row vce-row--col-gap-30 vce-row-columns--top vce-row-content--top\" id=\"el-ac9ebca5\" data-vce-do-apply=\"all el-ac9ebca5\"><div class=\"vce-row-content\" data-vce-element-content=\"true\"><div class=\"vce-col vce-col--md-auto vce-col--xs-1 vce-col--xs-last vce-col--xs-first vce-col--sm-last vce-col--sm-first vce-col--md-first vce-col--lg-first vce-col--xl-first\" id=\"el-9cc5b6d2\"><div class=\"vce-col-inner\" data-vce-do-apply=\"border margin background  el-9cc5b6d2\"><div class=\"vce-col-content\" data-vce-element-content=\"true\" data-vce-do-apply=\"padding el-9cc5b6d2\"><div class=\"vce-text-block\"><div class=\"vce-text-block-wrapper vce\" id=\"el-96ef8dc9\" data-vce-do-apply=\"all el-96ef8dc9\">\r\n<p><strong>Intraoralr\u00f6ntgen (Hochfrequenzgenerator)<\/strong><br>Das R\u00f6ntgensystem X-Mind DC ist mit einer R\u00f6ntgenr\u00f6hre des Typs Toshiba DG-073B-DC mit zweifach Tungsten-Anode ausgestattet (Stromst\u00e4rken von 4 mA und 8 mA) und erzeugt eine konstante Spannung von 60 kV oder 70 kV. Es arbeitet im Hochfrequenzbereich mit konstanter Leistungsabgabe und erzielt daher, unabh\u00e4ngig von den jeweiligen Eingangsbedingungen, eine Dosisstabilit\u00e4t h\u00f6chster Qualit\u00e4t. Die Wahl der Spannung (60 oder 70 kV) und der Stromst\u00e4rke (4 oder 8 mA) erlaubt eine verbesserte Auswertung der intraoralen Aufnahmen \u2013 mit einer Reduzierung der Expositionszeiten um 35% gegen\u00fcber herk\u00f6mmlicher Monopulse-Ger\u00e4ten. Der Brennfleck liegt bei 0,7mm und die Belichtungszeit von 0,02 bis 3,2 Sek. Das Intraoralr\u00f6ntgen ist mit digitalen R\u00f6ntgensystemen kompatibel.<\/p>\r\n\r\n<p>&nbsp;<\/p>\r\n\r\n<p><strong>Intraoralsensor<\/strong><br>Hochaufl\u00f6sende Bilder, erstaunliche Kontraste und Erleichterung der pr\u00e4zisen Diagnostik - das sprich f\u00fcr den Intraoralscanner von Acteon.<br>Zwei Sensorgr\u00f6\u00dfen stehen zur vertikalen und horizontalen Positionierung (f\u00fcr Bite-Wing-Aufnahmen) zur Verf\u00fcgung. F\u00fcr eine angenehme Positionierung im Patientenmund sind die Ecken des Sensors abgerundet. Durch die Verwendung der Ace Technologie wird vor \u00dcberbelichtung gesch\u00fctzt.<\/p>\r\n\r\n<p>&nbsp;<\/p>\r\n\r\n<p><strong>Folienscanner<\/strong><br><strong>Elegantes Design \u2013 ergonomisch und kompakt<\/strong> PSPIX ist ein&nbsp;<strong>komplettes digitales Bildgebunssystem<\/strong>&nbsp;f\u00fcr die intraorale Anwendung: Digitalqualit\u00e4t, schnelle und einfache Anwendung, optimierte Bildqualit\u00e4t, Softwareunterst\u00fctzung bei der Diagnostik und Strahlenreduktion.<br>Das digitale&nbsp;<strong>Speicherfoliensystem<\/strong>&nbsp;macht die intraorale Bildgebung einfacher und g\u00fcnstiger.<\/p>\r\n\r\n<ul>\r\n<li>Speicherfolien werden in&nbsp;<em>einem<\/em>&nbsp;gelesen und gel\u00f6scht \u2013 damit sind sie SOFORT wieder einsetzbar<\/li>\r\n<li>einfache Positionierung<\/li>\r\n<li>Nutzung der&nbsp;<em>gesamten<\/em>&nbsp;Fl\u00e4che der Folie<\/li>\r\n<li>umweltschonende Speicherfolien: kein&nbsp;Einsatz chemischer Produkte<\/li>\r\n<li>Softwareunterst\u00fctzung bei der Diagnostik<\/li>\r\n<li>Strahlenreduktion f\u00fcr Patientinnen und Patienten<\/li>\r\n<\/ul>\r\n\r\n<p>Der&nbsp;<strong>Verarbeitungsablauf<\/strong>&nbsp;ist vollst\u00e4ndig automatisiert \u2013 weniger Arbeitsaufwand f\u00fcr mehr Wirtschaftlichkeit in der Praxis: automatisches \u00d6ffnen, automatische Gr\u00f6\u00dfenerkennung und Scanbeginn, sofortige Kontrolle, automatisches L\u00f6schen, Auswerfen und automatische Bildkorrektur.<\/p>\r\n<\/div><\/div><\/div><\/div><\/div><div class=\"vce-col vce-col--md-auto vce-col--xs-1 vce-col--xs-last vce-col--xs-first vce-col--sm-last vce-col--sm-first vce-col--md-last vce-col--lg-last vce-col--xl-last\" id=\"el-7af7b704\"><div class=\"vce-col-inner\" data-vce-do-apply=\"border margin background  el-7af7b704\"><div class=\"vce-col-content\" data-vce-element-content=\"true\" data-vce-do-apply=\"padding el-7af7b704\"><div class=\"vce-single-image-container vce-single-image--align-center\"><div class=\"vce vce-single-image-wrapper\" id=\"el-e0cc8f7b\" data-vce-do-apply=\"all el-e0cc8f7b\"><figure><div class=\"vce-single-image-inner vce-single-image--absolute\" style=\"padding-bottom: 80.3333%; width: 300px;\"><img class=\"vce-single-image\" width=\"300\" height=\"241\"src=\"http:\/\/isg-gmbh.at\/wp-content\/uploads\/2020\/07\/Intraoral-R\u00f6ntgen-Titelbild-300x241.png\" srcset=\"http:\/\/isg-gmbh.at\/wp-content\/uploads\/2020\/07\/Intraoral-R\u00f6ntgen-Titelbild-300x241.png 300w\" data-img-src=\"http:\/\/isg-gmbh.at\/wp-content\/uploads\/2020\/06\/Intraoral-R\u00f6ntgen-Titelbild.png\" alt=\"\" title=\"Intraoral-R\u00f6ntgen\" \/><\/div><figcaption hidden=\"\"><\/figcaption><\/figure><\/div><\/div><div class=\"vce-single-image-container vce-single-image--align-center\"><div class=\"vce vce-single-image-wrapper\" id=\"el-5d7de61e\" data-vce-do-apply=\"all el-5d7de61e\"><figure><div class=\"vce-single-image-inner vce-single-image--absolute\" style=\"padding-bottom: 100%; width: 150px;\"><img class=\"vce-single-image\" width=\"150\" height=\"150\"src=\"http:\/\/isg-gmbh.at\/wp-content\/uploads\/2020\/07\/R\u00f6ntgenbild-150x150.png\" srcset=\"http:\/\/isg-gmbh.at\/wp-content\/uploads\/2020\/07\/R\u00f6ntgenbild-150x150.png 150w\" data-img-src=\"http:\/\/isg-gmbh.at\/wp-content\/uploads\/2020\/06\/R\u00f6ntgenbild.png\" alt=\"\" title=\"R\u00f6ntgenbild\" \/><\/div><figcaption hidden=\"\"><\/figcaption><\/figure><\/div><\/div><div class=\"vce-single-image-container vce-single-image--align-center\"><div class=\"vce vce-single-image-wrapper\" id=\"el-c5f02db2\" data-vce-do-apply=\"all el-c5f02db2\"><figure><div class=\"vce-single-image-inner vce-single-image--absolute\" style=\"padding-bottom: 83.6667%; width: 300px;\"><img class=\"vce-single-image\" width=\"300\" height=\"251\"src=\"http:\/\/isg-gmbh.at\/wp-content\/uploads\/2020\/07\/Intraoralsensor-300x251.jpg\" srcset=\"http:\/\/isg-gmbh.at\/wp-content\/uploads\/2020\/07\/Intraoralsensor-300x251.jpg 300w\" data-img-src=\"http:\/\/isg-gmbh.at\/wp-content\/uploads\/2020\/06\/Intraoralsensor.jpg\" alt=\"\" title=\"Intraoralsensor\" \/><\/div><figcaption hidden=\"\"><\/figcaption><\/figure><\/div><\/div><div class=\"vce-single-image-container vce-single-image--align-center\"><div class=\"vce vce-single-image-wrapper\" id=\"el-8a7b69f3\" data-vce-do-apply=\"all el-8a7b69f3\"><figure><div class=\"vce-single-image-inner vce-single-image--absolute\" style=\"padding-bottom: 80.3333%; width: 300px;\"><img class=\"vce-single-image\" width=\"300\" height=\"241\"src=\"http:\/\/isg-gmbh.at\/wp-content\/uploads\/2020\/07\/Folienscanner-wie-erstes-300x241.png\" srcset=\"http:\/\/isg-gmbh.at\/wp-content\/uploads\/2020\/07\/Folienscanner-wie-erstes-300x241.png 300w\" data-img-src=\"http:\/\/isg-gmbh.at\/wp-content\/uploads\/2020\/06\/Folienscanner-wie-erstes.png\" alt=\"\" title=\"Folienscanner intraoral\" \/><\/div><figcaption hidden=\"\"><\/figcaption><\/figure><\/div><\/div><div class=\"vce-single-image-container vce-single-image--align-center\"><div class=\"vce vce-single-image-wrapper\" id=\"el-8fa5f065\" data-vce-do-apply=\"all el-8fa5f065\"><figure><div class=\"vce-single-image-inner vce-single-image--absolute\" style=\"padding-bottom: 76.6667%; width: 300px;\"><img class=\"vce-single-image\" width=\"300\" height=\"230\"src=\"http:\/\/isg-gmbh.at\/wp-content\/uploads\/2020\/07\/NPspix2-300x230.jpg\" srcset=\"http:\/\/isg-gmbh.at\/wp-content\/uploads\/2020\/07\/NPspix2-300x230.jpg 300w\" data-img-src=\"http:\/\/isg-gmbh.at\/wp-content\/uploads\/2020\/06\/NPspix2.jpg\" alt=\"\" title=\"Folienscanner Folie\" \/><\/div><figcaption hidden=\"\"><\/figcaption><\/figure><\/div><\/div><\/div><\/div><\/div><\/div><\/div><\/div>","protected":false},"excerpt":{"rendered":"<p>Intraoralr\u00f6ntgen (Hochfrequenzgenerator)Das R\u00f6ntgensystem X-Mind DC ist mit einer R\u00f6ntgenr\u00f6hre des Typs Toshiba DG-073B-DC mit zweifach Tungsten-Anode ausgestattet (Stromst\u00e4rken von 4 mA und 8 mA) und erzeugt eine konstante Spannung von 60 kV oder 70 kV. Es arbeitet im Hochfrequenzbereich mit konstanter Leistungsabgabe und erzielt daher, unabh\u00e4ngig von den jeweiligen Eingangsbedingungen, eine Dosisstabilit\u00e4t h\u00f6chster Qualit\u00e4t. Die [&hellip;]<\/p>\n","protected":false},"author":1,"featured_media":62,"parent":0,"menu_order":3,"comment_status":"closed","ping_status":"closed","template":"templates\/flexible-pro-portfolio.php","meta":[],"_links":{"self":[{"href":"http:\/\/isg-gmbh.at\/index.php?rest_route=\/wp\/v2\/pages\/61"}],"collection":[{"href":"http:\/\/isg-gmbh.at\/index.php?rest_route=\/wp\/v2\/pages"}],"about":[{"href":"http:\/\/isg-gmbh.at\/index.php?rest_route=\/wp\/v2\/types\/page"}],"author":[{"embeddable":true,"href":"http:\/\/isg-gmbh.at\/index.php?rest_route=\/wp\/v2\/users\/1"}],"replies":[{"embeddable":true,"href":"http:\/\/isg-gmbh.at\/index.php?rest_route=%2Fwp%2Fv2%2Fcomments&post=61"}],"version-history":[{"count":1,"href":"http:\/\/isg-gmbh.at\/index.php?rest_route=\/wp\/v2\/pages\/61\/revisions"}],"predecessor-version":[{"id":229,"href":"http:\/\/isg-gmbh.at\/index.php?rest_route=\/wp\/v2\/pages\/61\/revisions\/229"}],"wp:featuredmedia":[{"embeddable":true,"href":"http:\/\/isg-gmbh.at\/index.php?rest_route=\/wp\/v2\/media\/62"}],"wp:attachment":[{"href":"http:\/\/isg-gmbh.at\/index.php?rest_route=%2Fwp%2Fv2%2Fmedia&parent=61"}],"curies":[{"name":"wp","href":"https:\/\/api.w.org\/{rel}","templated":true}]}}