{"id":71,"date":"2020-04-15T13:04:55","date_gmt":"2020-04-15T11:04:55","guid":{"rendered":"http:\/\/www.isg-gmbh.at\/?page_id=71"},"modified":"2021-03-06T17:07:58","modified_gmt":"2021-03-06T16:07:58","slug":"sterilisation","status":"publish","type":"page","link":"http:\/\/isg-gmbh.at\/?page_id=71","title":{"rendered":"Sterilisation"},"content":{"rendered":"<div class=\"vce-row-container\"><div class=\"vce-row vce-row--col-gap-30 vce-row-columns--top vce-row-content--top\" id=\"el-ff1847c5\" data-vce-do-apply=\"all el-ff1847c5\"><div class=\"vce-row-content\" data-vce-element-content=\"true\"><div class=\"vce-col vce-col--md-auto vce-col--xs-1 vce-col--xs-last vce-col--xs-first vce-col--sm-last vce-col--sm-first vce-col--md-first vce-col--lg-first vce-col--xl-first\" id=\"el-bf175f67\"><div class=\"vce-col-inner\" data-vce-do-apply=\"border margin background  el-bf175f67\"><div class=\"vce-col-content\" data-vce-element-content=\"true\" data-vce-do-apply=\"padding el-bf175f67\"><div class=\"vce-text-block\"><div class=\"vce-text-block-wrapper vce\" id=\"el-f8c3771e\" data-vce-do-apply=\"all el-f8c3771e\">\r\n<p>In Zeiten von weltweiten Pandemien ist die korrekte Sterilisation der Instrumente in den Mittelpunkt der Aufmerksamkeit ger\u00fcckt. <strong>Autoklav<\/strong>, <strong>Folienschwei\u00dfger\u00e4t<\/strong>, <strong>Thermodesinfektor<\/strong>, <strong>Ultraschallreiniger<\/strong> und passende <strong>Sterilisation-Stahlm\u00f6bel<\/strong> sind fixe Bestandteile einer verantwortungsbewussten Wohlf\u00fchl-Ordination, die nicht nur die eigene Gesundheit, sondern auch jene der Patienten im Auge beh\u00e4lt.<\/p>\r\n\r\n<p><strong>Autoklav&nbsp;<\/strong><br>Ein sicherer Sterilisationsprozess ist die Grundlage eines zuverl\u00e4ssigen Autoclaven. Autoclaven der Firmen Euronda, Faro und Miele bieten unterschiedliche Vorteile.<br><br><em>Euronda<\/em> bietet B-Klasse Autoklaven mit verl\u00e4sslicher &amp; schneller Hygiene und einem souver\u00e4nen Umgang mit der thermischen Behandlung von Instrumenten. Euronda verspricht effiziente und wirtschaftliche Arbeitsabl\u00e4ufe im Praxisalltag, sowie eine validierte Aufbereitung nach entsprechenden Richtlinien (KRINKO, RKI).<br>N\u00e4here Informationen: <a href=\"https:\/\/www.euronda.de\/autoklaven\">https:\/\/www.euronda.de\/autoklaven<\/a><br><br><\/p>\r\n\r\n<p><strong>Folienschwei\u00dfger\u00e4t<\/strong><br>Mit dem Folienschwei\u00dfger\u00e4t von <em>Euronda<\/em> k\u00f6nnen Ger\u00e4te\/Instrumente steril, schnell und gleichm\u00e4\u00dfig verpackt werden. Zuverl\u00e4ssigkeit wird durch einen validierten Versiegelungsprozess garantiert.<br>N\u00e4here Informationen: <a href=\"https:\/\/www.euronda.de\/foliensiegelgeraete\">https:\/\/www.euronda.de\/foliensiegelgeraete<\/a><\/p>\r\n\r\n<p><strong>Thermodesinfektor<\/strong><br><em>Steelco<\/em> Thermodesinfektoren bieten Effektivit\u00e4t, Sicherheit und hohe Produktivit\u00e4t. Thermodesinfektoren mit unterschiedlichen Kapazit\u00e4ten (niedrig, mittel, hoch) erm\u00f6glichen die individuelle Anpassung auf die jeweiligen Gegebenheiten.<br>N\u00e4here Informationen: <a href=\"https:\/\/www.steelcogroup.com\/de\/produkte\/medizin\/reinigungs-und-desinfektionsgeraete\">https:\/\/www.steelcogroup.com\/de\/produkte\/<\/a><br><br>Der Eurosafe<em> 60<\/em>&nbsp;Thermodesinfektor von&nbsp;<em>Euronda<\/em> unterst\u00fctzt die validierte maschinelle Aufbereitung von Medizinprodukten. \u00dcbersichtliche Handhabung, effiziente Beladung und einfache Integration in das Hygiene-Management der Praxis z\u00e4hlen zu seinen St\u00e4rken.<br>N\u00e4here Informationen: <a href=\"https:\/\/www.euronda.de\/thermodesinfektor\">https:\/\/www.euronda.de\/thermodesinfektor<\/a><\/p>\r\n\r\n<p><strong>Ultraschallreiniger<\/strong><br>Mittels <em>Euronda<\/em> Ultraschallreiniger k\u00f6nnen medizinische Instrumente und Prothesen zuverl\u00e4ssig und in k\u00fcrzester Zeit gereinigt werden. Der Ultraschallreiniger kommt dann zum Einsatz, wenn die Oberfl\u00e4chen der Instrumente sehr empfindlich sind, die maschinelle Aufbereitung nicht gen\u00fcgend Sauberkeit liefert oder aggressive Chemie zum Reinigen negative Auswirkungen auf die Langlebigkeit der Instrumente haben kann.<br>N\u00e4here Informationen: <a href=\"https:\/\/www.euronda.de\/ultraschallreinigung\">https:\/\/www.euronda.de\/ultraschallreinigung<\/a><\/p>\r\n\r\n<p><strong>Sterilisation-Stahlm\u00f6bel<\/strong><br>Die Steri-Stahlm\u00f6bel von <em>Rossicaws<\/em> legen besonderen Wert auf die ideale Nutzung des verf\u00fcgbaren Platzes und die genaue Einhaltung des Sterilisationsprotokolls - Sicherheit und Effizienz. <br>Folgende Schritte sollten bestm\u00f6glich ausgef\u00fchrt werden k\u00f6nnen: <br>1. sammeln und sortieren des verunreinigten Materials<br>2. dekontaminieren durch Dekontaminationsl\u00f6sungen<br>3. mechanische W\u00e4sche<br>4. sp\u00fclen und trocknen<br>5. verpacken<br>6. sterilisieren<\/p>\r\n<\/div><\/div><\/div><\/div><\/div><div class=\"vce-col vce-col--md-auto vce-col--xs-1 vce-col--xs-last vce-col--xs-first vce-col--sm-last vce-col--sm-first vce-col--md-last vce-col--lg-last vce-col--xl-last\" id=\"el-8dee0d9b\"><div class=\"vce-col-inner\" data-vce-do-apply=\"border margin background  el-8dee0d9b\"><div class=\"vce-col-content\" data-vce-element-content=\"true\" data-vce-do-apply=\"padding el-8dee0d9b\"><div class=\"vce-text-block\"><div class=\"vce-text-block-wrapper vce\" id=\"el-3acbd4d6\" data-vce-do-apply=\"all el-3acbd4d6\"><p>&nbsp;<\/p>\r\n<p>&nbsp;<\/p>\r\n<p>&nbsp;<\/p>\r\n<p>&nbsp;<\/p>\r\n<p>&nbsp;<\/p>\r\n<p>&nbsp;<\/p><\/div><\/div><div class=\"vce-single-image-container vce-single-image--align-center\"><div class=\"vce vce-single-image-wrapper\" id=\"el-8d8a771a\" data-vce-do-apply=\"all el-8d8a771a\"><figure><div class=\"vce-single-image-inner vce-single-image--absolute\" style=\"padding-bottom: 62%; width: 300px;\"><img class=\"vce-single-image\" width=\"300\" height=\"186\"src=\"http:\/\/isg-gmbh.at\/wp-content\/uploads\/2020\/07\/Euronda-300x186.jpg\" srcset=\"http:\/\/isg-gmbh.at\/wp-content\/uploads\/2020\/07\/Euronda-300x186.jpg 300w\" data-img-src=\"http:\/\/isg-gmbh.at\/wp-content\/uploads\/2020\/06\/Euronda.jpg\" alt=\"\" title=\"Autoklav Euronda\" \/><\/div><figcaption hidden=\"\"><\/figcaption><\/figure><\/div><\/div><div class=\"vce-text-block\"><div class=\"vce-text-block-wrapper vce\" id=\"el-e0d1c983\" data-vce-do-apply=\"all el-e0d1c983\"><\/div><\/div><div class=\"vce-single-image-container vce-single-image--align-center\"><div class=\"vce vce-single-image-wrapper\" id=\"el-5002f8c7\" data-vce-do-apply=\"all el-5002f8c7\"><figure><div class=\"vce-single-image-inner vce-single-image--absolute\" style=\"padding-bottom: 84%; width: 300px;\"><img class=\"vce-single-image\" width=\"300\" height=\"252\"src=\"http:\/\/isg-gmbh.at\/wp-content\/uploads\/2020\/07\/Folienschwei\u00dfger\u00e4t-300x252.jpg\" srcset=\"http:\/\/isg-gmbh.at\/wp-content\/uploads\/2020\/07\/Folienschwei\u00dfger\u00e4t-300x252.jpg 300w\" data-img-src=\"http:\/\/isg-gmbh.at\/wp-content\/uploads\/2020\/06\/Folienschwei\u00dfger\u00e4t.jpg\" alt=\"\" title=\"Folienschwei\u00dfger\u00e4t\" \/><\/div><figcaption hidden=\"\"><\/figcaption><\/figure><\/div><\/div><div class=\"vce-single-image-container vce-single-image--align-center\"><div class=\"vce vce-single-image-wrapper\" id=\"el-7a095a91\" data-vce-do-apply=\"all el-7a095a91\"><figure><div class=\"vce-single-image-inner vce-single-image--absolute\" style=\"padding-bottom: 90%; width: 200px;\"><img class=\"vce-single-image\" width=\"200\" height=\"180\"src=\"http:\/\/isg-gmbh.at\/wp-content\/uploads\/2020\/07\/Thermodesinfektor-Steelco-200x180.jpg\" srcset=\"http:\/\/isg-gmbh.at\/wp-content\/uploads\/2020\/07\/Thermodesinfektor-Steelco-200x180.jpg 200w\" data-img-src=\"http:\/\/isg-gmbh.at\/wp-content\/uploads\/2020\/06\/Thermodesinfektor-Steelco.jpg\" alt=\"\" title=\"Thermodesinfektor Steelco\" \/><\/div><figcaption hidden=\"\"><\/figcaption><\/figure><\/div><\/div><div class=\"vce-text-block\"><div class=\"vce-text-block-wrapper vce\" id=\"el-000a6939\" data-vce-do-apply=\"all el-000a6939\"><p>&nbsp;<\/p>\r\n<p>&nbsp;<\/p><\/div><\/div><div class=\"vce-single-image-container vce-single-image--align-center\"><div class=\"vce vce-single-image-wrapper\" id=\"el-f31fcc2f\" data-vce-do-apply=\"all el-f31fcc2f\"><figure><div class=\"vce-single-image-inner vce-single-image--absolute\" style=\"padding-bottom: 89.33333333333333%; width: 300px;\"><img class=\"vce-single-image\" width=\"300\" height=\"268\"src=\"http:\/\/isg-gmbh.at\/wp-content\/uploads\/2020\/07\/Ultraschallreiniger-Euronda-300x268.jpg\" srcset=\"http:\/\/isg-gmbh.at\/wp-content\/uploads\/2020\/07\/Ultraschallreiniger-Euronda-300x268.jpg 300w\" data-img-src=\"http:\/\/isg-gmbh.at\/wp-content\/uploads\/2020\/06\/Ultraschallreiniger-Euronda.jpg\" alt=\"\" title=\"Ultraschallreiniger-Euronda\" \/><\/div><figcaption hidden=\"\"><\/figcaption><\/figure><\/div><\/div><div class=\"vce-single-image-container vce-single-image--align-center\"><div class=\"vce vce-single-image-wrapper\" id=\"el-11e107ff\" data-vce-do-apply=\"all el-11e107ff\"><figure><div class=\"vce-single-image-inner vce-single-image--absolute\" style=\"padding-bottom: 60.64453125%; width: 1024px;\"><img class=\"vce-single-image\" width=\"1024\" height=\"621\"src=\"http:\/\/isg-gmbh.at\/wp-content\/uploads\/2020\/07\/Steri-Stahlm\u00f6bel-1024x621.jpg\" srcset=\"http:\/\/isg-gmbh.at\/wp-content\/uploads\/2020\/07\/Steri-Stahlm\u00f6bel-320x194.jpg 320w,http:\/\/isg-gmbh.at\/wp-content\/uploads\/2020\/07\/Steri-Stahlm\u00f6bel-480x291.jpg 480w,http:\/\/isg-gmbh.at\/wp-content\/uploads\/2020\/07\/Steri-Stahlm\u00f6bel-800x485.jpg 800w,http:\/\/isg-gmbh.at\/wp-content\/uploads\/2020\/07\/Steri-Stahlm\u00f6bel-1024x621.jpg 1024w\" data-img-src=\"http:\/\/isg-gmbh.at\/wp-content\/uploads\/2020\/06\/Steri-Stahlm\u00f6bel.jpg\" alt=\"\" title=\"Steri-Stahlm\u00f6bel\" \/><\/div><figcaption hidden=\"\"><\/figcaption><\/figure><\/div><\/div><\/div><\/div><\/div><\/div><\/div><\/div>","protected":false},"excerpt":{"rendered":"<p>In Zeiten von weltweiten Pandemien ist die korrekte Sterilisation der Instrumente in den Mittelpunkt der Aufmerksamkeit ger\u00fcckt. Autoklav, Folienschwei\u00dfger\u00e4t, Thermodesinfektor, Ultraschallreiniger und passende Sterilisation-Stahlm\u00f6bel sind fixe Bestandteile einer verantwortungsbewussten Wohlf\u00fchl-Ordination, die nicht nur die eigene Gesundheit, sondern auch jene der Patienten im Auge beh\u00e4lt. Autoklav&nbsp;Ein sicherer Sterilisationsprozess ist die Grundlage eines zuverl\u00e4ssigen Autoclaven. Autoclaven der [&hellip;]<\/p>\n","protected":false},"author":1,"featured_media":0,"parent":0,"menu_order":9,"comment_status":"closed","ping_status":"closed","template":"","meta":[],"_links":{"self":[{"href":"http:\/\/isg-gmbh.at\/index.php?rest_route=\/wp\/v2\/pages\/71"}],"collection":[{"href":"http:\/\/isg-gmbh.at\/index.php?rest_route=\/wp\/v2\/pages"}],"about":[{"href":"http:\/\/isg-gmbh.at\/index.php?rest_route=\/wp\/v2\/types\/page"}],"author":[{"embeddable":true,"href":"http:\/\/isg-gmbh.at\/index.php?rest_route=\/wp\/v2\/users\/1"}],"replies":[{"embeddable":true,"href":"http:\/\/isg-gmbh.at\/index.php?rest_route=%2Fwp%2Fv2%2Fcomments&post=71"}],"version-history":[{"count":2,"href":"http:\/\/isg-gmbh.at\/index.php?rest_route=\/wp\/v2\/pages\/71\/revisions"}],"predecessor-version":[{"id":273,"href":"http:\/\/isg-gmbh.at\/index.php?rest_route=\/wp\/v2\/pages\/71\/revisions\/273"}],"wp:attachment":[{"href":"http:\/\/isg-gmbh.at\/index.php?rest_route=%2Fwp%2Fv2%2Fmedia&parent=71"}],"curies":[{"name":"wp","href":"https:\/\/api.w.org\/{rel}","templated":true}]}}