{"id":75,"date":"2020-04-22T12:57:46","date_gmt":"2020-04-22T10:57:46","guid":{"rendered":"http:\/\/www.isg-gmbh.at\/?page_id=75"},"modified":"2021-03-06T21:04:07","modified_gmt":"2021-03-06T20:04:07","slug":"maschinenraum","status":"publish","type":"page","link":"http:\/\/isg-gmbh.at\/?page_id=75","title":{"rendered":"Maschinenraum"},"content":{"rendered":"<div class=\"vce-row-container\"><div class=\"vce-row vce-row--col-gap-30 vce-row-columns--top vce-row-content--top\" id=\"el-c9b67c9e\" data-vce-do-apply=\"all el-c9b67c9e\"><div class=\"vce-row-content\" data-vce-element-content=\"true\"><div class=\"vce-col vce-col--md-auto vce-col--xs-1 vce-col--xs-last vce-col--xs-first vce-col--sm-last vce-col--sm-first vce-col--md-first vce-col--lg-first vce-col--xl-first\" id=\"el-624accbf\"><div class=\"vce-col-inner\" data-vce-do-apply=\"border margin background  el-624accbf\"><div class=\"vce-col-content\" data-vce-element-content=\"true\" data-vce-do-apply=\"padding el-624accbf\"><div class=\"vce-text-block\"><div class=\"vce-text-block-wrapper vce\" id=\"el-2f48ece2\" data-vce-do-apply=\"all el-2f48ece2\">\r\n<p><strong>Saugmaschine<\/strong>, <strong>Kompressor<\/strong> und <strong>Kombiger\u00e4t<\/strong> - diese Ger\u00e4te geh\u00f6ren zur dentalen Grundausstattung. Ohne sie w\u00e4re die t\u00e4gliche Arbeit nicht m\u00f6glich.<\/p>\r\n\r\n<p><strong>Saugmaschine&nbsp;<\/strong><br>L\u00f6sungen aus dem Hause <em>Metasys<\/em> erf\u00fcllen h\u00f6chste Anspr\u00fcche und werden so den extremen Anforderungen, die an Saugsysteme gestellt werden, gerecht. Auch nach mehrst\u00fcndigem Dauereinsatz und kontinuierlicher Materialbelastung garantieren sie eine gleichm\u00e4\u00dfig starke Saugleistung und&nbsp;bieten eine effiziente, umweltfreundliche und flexible L\u00f6sung f\u00fcr die zahn\u00e4rztliche Praxis \u2013 abgestimmt auf die unterschiedlichsten Anforderungsprofile einer Zahnarztpraxis.<br>N\u00e4herer Informationen: <a href=\"https:\/\/www.metasys.com\/de\/dentalgerate\/d2b8e268\/0\/saugsysteme\">https:\/\/www.metasys.com\/de\/dentalgerate<\/a><\/p>\r\n\r\n<p><strong>Kompressor<\/strong><br><em>METASYS<\/em><br>Die Druckluft in zahn\u00e4rztlichen Praxen muss h\u00f6chsten hygienischen und medizinischen Standards entsprechen. Daher arbeiten alle <em>Metasys <\/em>Kompressoren absolut \u00f6lfrei und verf\u00fcgen \u00fcber ein integriertes Filter- und Trocknersystem. Leistungsstarke Membrantrockner, antibakteriell pulverbeschichteter Lufttank, Betriebsstundenz\u00e4hler, Thermoschutz, Verdichter-Technologie (bis 10 bar m\u00f6glich) und doppeltes Filtersystem bis 0,01\u00b5m sprechen f\u00fcr diese Kompressoren.<br>N\u00e4here Informationen: <a href=\"https:\/\/www.metasys.com\/de\/dentalgerate\/3ce2cbce\/0\/meta-air-kompressoren\">https:\/\/www.metasys.com\/de\/dentalgerate\/<\/a><br><br><em>D\u00dcRR<\/em><br>Der <em>D\u00fcrr Power Tower<\/em> Silence kombiniert Druckluft und Absaugung in einem Geh\u00e4use. Die kompakte, leise Versorgungseinheit l\u00e4sst sich innerhalb der Praxisr\u00e4umlichkeiten flexibel auf einer Fl\u00e4che von nur 0,3 \u2013 0,4 m2 aufstellen. Dadurch sparen Sie im Vergleich zur Installation von Einzelger\u00e4ten wertvollen Platz. Kontinuierliche \u00dcberwachung der Druckluft- und Absaugsysteme via PC, Anbindung an das Praxisnetzwerk, Lautst\u00e4rkenoptimierung durch intelligente Regelung der Kompressor-Aggregate und einfache Bedienung z\u00e4hlen zu den Vorteilen.<br>N\u00e4here Informationen: <a href=\"https:\/\/www.duerrdental.com\/produkte\/absaugung\/power-tower-silence\/pts-200\/\">https:\/\/www.duerrdental.com\/produkte\/absaugung\/<\/a><\/p>\r\n\r\n<p><strong>Kombiger\u00e4t<\/strong><br>Die <em>Metasys Meta Tower<\/em> L\u00f6sung erm\u00f6glicht Absaugger\u00e4te, Kompressoren sowie Amalgamabscheider in einem kompakten, formsch\u00f6nen Geh\u00e4use anschlussfertig vereint. Aufgrund der optimalen Schalld\u00e4mmung kann der <em>Metasys Meta Tower<\/em> in jeder Praxis unabh\u00e4ngig von den sonstigen Gegebenheiten aufgestellt werden - ruhiges Arbeiten bei entspanntem Arbeitsklima.<br>N\u00e4herer Informationen: <a href=\"https:\/\/www.metasys.com\/de\/dentalgerate\/9a8c28e1\/0\/meta-tower\">https:\/\/www.metasys.com\/de\/dentalgerate\/<\/a><\/p>\r\n<\/div><\/div><\/div><\/div><\/div><div class=\"vce-col vce-col--md-auto vce-col--xs-1 vce-col--xs-last vce-col--xs-first vce-col--sm-last vce-col--sm-first vce-col--md-last vce-col--lg-last vce-col--xl-last\" id=\"el-36e216f8\"><div class=\"vce-col-inner\" data-vce-do-apply=\"border margin background  el-36e216f8\"><div class=\"vce-col-content\" data-vce-element-content=\"true\" data-vce-do-apply=\"padding el-36e216f8\"><div class=\"vce-text-block\"><div class=\"vce-text-block-wrapper vce\" id=\"el-b0047fee\" data-vce-do-apply=\"all el-b0047fee\"><p>&nbsp;<\/p>\r\n<p>&nbsp;<\/p><\/div><\/div><div class=\"vce-single-image-container vce-single-image--align-center\"><div class=\"vce vce-single-image-wrapper\" id=\"el-9d1c29c6\" data-vce-do-apply=\"all el-9d1c29c6\"><figure><div class=\"vce-single-image-inner vce-single-image--absolute\" style=\"padding-bottom: 87.6667%; width: 300px;\"><img class=\"vce-single-image\" width=\"300\" height=\"263\"src=\"http:\/\/isg-gmbh.at\/wp-content\/uploads\/2020\/07\/Metasys-Saugmaschine-300x263.jpg\" srcset=\"http:\/\/isg-gmbh.at\/wp-content\/uploads\/2020\/07\/Metasys-Saugmaschine-300x263.jpg 300w\" data-img-src=\"http:\/\/isg-gmbh.at\/wp-content\/uploads\/2020\/06\/Metasys-Saugmaschine.jpg\" alt=\"\" title=\"Metasys-Saugmaschine\" \/><\/div><figcaption hidden=\"\"><\/figcaption><\/figure><\/div><\/div><div class=\"vce-single-image-container vce-single-image--align-center\"><div class=\"vce vce-single-image-wrapper\" id=\"el-e880798a\" data-vce-do-apply=\"all el-e880798a\"><figure><div class=\"vce-single-image-inner vce-single-image--absolute\" style=\"padding-bottom: 66.5625%; width: 640px;\"><img class=\"vce-single-image\" width=\"640\" height=\"426\"src=\"http:\/\/isg-gmbh.at\/wp-content\/uploads\/2020\/07\/Kompressor-Metasys-640x426.jpg\" srcset=\"http:\/\/isg-gmbh.at\/wp-content\/uploads\/2020\/07\/Kompressor-Metasys-320x213.jpg 320w,http:\/\/isg-gmbh.at\/wp-content\/uploads\/2020\/07\/Kompressor-Metasys-480x320.jpg 480w,http:\/\/isg-gmbh.at\/wp-content\/uploads\/2020\/07\/Kompressor-Metasys-640x426.jpg 640w\" data-img-src=\"http:\/\/isg-gmbh.at\/wp-content\/uploads\/2020\/06\/Kompressor-Metasys.jpg\" alt=\"\" title=\"Kompressor-Metasys\" \/><\/div><figcaption hidden=\"\"><\/figcaption><\/figure><\/div><\/div><div class=\"vce-text-block\"><div class=\"vce-text-block-wrapper vce\" id=\"el-17f00a7e\" data-vce-do-apply=\"all el-17f00a7e\"><\/div><\/div><div class=\"vce-single-image-container vce-single-image--align-center\"><div class=\"vce vce-single-image-wrapper\" id=\"el-3f336481\" data-vce-do-apply=\"all el-3f336481\"><figure><div class=\"vce-single-image-inner vce-single-image--absolute\" style=\"padding-bottom: 192.308%; width: 156px;\"><img class=\"vce-single-image\" width=\"156\" height=\"300\"src=\"http:\/\/isg-gmbh.at\/wp-content\/uploads\/2020\/07\/D\u00dcRR-Power-Tower-156x300.jpg\" srcset=\"http:\/\/isg-gmbh.at\/wp-content\/uploads\/2020\/07\/D\u00dcRR-Power-Tower-156x300.jpg 156w\" data-img-src=\"http:\/\/isg-gmbh.at\/wp-content\/uploads\/2020\/06\/D\u00dcRR-Power-Tower.jpg\" alt=\"\" title=\"D\u00dcRR Power Tower\" \/><\/div><figcaption hidden=\"\"><\/figcaption><\/figure><\/div><\/div><div class=\"vce-text-block\"><div class=\"vce-text-block-wrapper vce\" id=\"el-11b0373f\" data-vce-do-apply=\"all el-11b0373f\"><\/div><\/div><div class=\"vce-single-image-container vce-single-image--align-center\"><div class=\"vce vce-single-image-wrapper\" id=\"el-8e82aac0\" data-vce-do-apply=\"all el-8e82aac0\"><figure><div class=\"vce-single-image-inner vce-single-image--absolute\" style=\"padding-bottom: 66.3333%; width: 300px;\"><img class=\"vce-single-image\" width=\"300\" height=\"199\"src=\"http:\/\/isg-gmbh.at\/wp-content\/uploads\/2020\/07\/Kombi-Ger\u00e4t-Metasys-Meta-Tower-300x199.jpg\" srcset=\"http:\/\/isg-gmbh.at\/wp-content\/uploads\/2020\/07\/Kombi-Ger\u00e4t-Metasys-Meta-Tower-300x199.jpg 300w\" data-img-src=\"http:\/\/isg-gmbh.at\/wp-content\/uploads\/2020\/06\/Kombi-Ger\u00e4t-Metasys-Meta-Tower.jpg\" alt=\"\" title=\"Kombi-Ger\u00e4t Metasys Meta Tower\" \/><\/div><figcaption hidden=\"\"><\/figcaption><\/figure><\/div><\/div><\/div><\/div><\/div><\/div><\/div><\/div>","protected":false},"excerpt":{"rendered":"<p>Saugmaschine, Kompressor und Kombiger\u00e4t &#8211; diese Ger\u00e4te geh\u00f6ren zur dentalen Grundausstattung. Ohne sie w\u00e4re die t\u00e4gliche Arbeit nicht m\u00f6glich. Saugmaschine&nbsp;L\u00f6sungen aus dem Hause Metasys erf\u00fcllen h\u00f6chste Anspr\u00fcche und werden so den extremen Anforderungen, die an Saugsysteme gestellt werden, gerecht. Auch nach mehrst\u00fcndigem Dauereinsatz und kontinuierlicher Materialbelastung garantieren sie eine gleichm\u00e4\u00dfig starke Saugleistung und&nbsp;bieten eine effiziente, [&hellip;]<\/p>\n","protected":false},"author":1,"featured_media":0,"parent":0,"menu_order":8,"comment_status":"closed","ping_status":"closed","template":"","meta":[],"_links":{"self":[{"href":"http:\/\/isg-gmbh.at\/index.php?rest_route=\/wp\/v2\/pages\/75"}],"collection":[{"href":"http:\/\/isg-gmbh.at\/index.php?rest_route=\/wp\/v2\/pages"}],"about":[{"href":"http:\/\/isg-gmbh.at\/index.php?rest_route=\/wp\/v2\/types\/page"}],"author":[{"embeddable":true,"href":"http:\/\/isg-gmbh.at\/index.php?rest_route=\/wp\/v2\/users\/1"}],"replies":[{"embeddable":true,"href":"http:\/\/isg-gmbh.at\/index.php?rest_route=%2Fwp%2Fv2%2Fcomments&post=75"}],"version-history":[{"count":1,"href":"http:\/\/isg-gmbh.at\/index.php?rest_route=\/wp\/v2\/pages\/75\/revisions"}],"predecessor-version":[{"id":270,"href":"http:\/\/isg-gmbh.at\/index.php?rest_route=\/wp\/v2\/pages\/75\/revisions\/270"}],"wp:attachment":[{"href":"http:\/\/isg-gmbh.at\/index.php?rest_route=%2Fwp%2Fv2%2Fmedia&parent=75"}],"curies":[{"name":"wp","href":"https:\/\/api.w.org\/{rel}","templated":true}]}}