{"id":76,"date":"2020-04-22T13:00:58","date_gmt":"2020-04-22T11:00:58","guid":{"rendered":"http:\/\/www.isg-gmbh.at\/?page_id=76"},"modified":"2021-03-10T14:02:42","modified_gmt":"2021-03-10T13:02:42","slug":"labor","status":"publish","type":"page","link":"http:\/\/isg-gmbh.at\/?page_id=76","title":{"rendered":"Labor"},"content":{"rendered":"<div class=\"vce-row-container\"><div class=\"vce-row vce-row--col-gap-30 vce-row-columns--top vce-row-content--top\" id=\"el-1776f8a6\" data-vce-do-apply=\"all el-1776f8a6\"><div class=\"vce-row-content\" data-vce-element-content=\"true\"><div class=\"vce-col vce-col--md-auto vce-col--xs-1 vce-col--xs-last vce-col--xs-first vce-col--sm-last vce-col--sm-first vce-col--md-first vce-col--lg-first vce-col--xl-first\" id=\"el-44f5a2ef\"><div class=\"vce-col-inner\" data-vce-do-apply=\"border margin background  el-44f5a2ef\"><div class=\"vce-col-content\" data-vce-element-content=\"true\" data-vce-do-apply=\"padding el-44f5a2ef\"><div class=\"vce-text-block\"><div class=\"vce-text-block-wrapper vce\" id=\"el-6c701925\" data-vce-do-apply=\"all el-6c701925\">\r\n<p>Ein eigener zahntechnischer Bereich in der Ordination bringt Vorteile und erleichtert oftmals die prothetische Arbeit am Patienten. Ob lediglich ein kleiner Bereich in einem Ordinationsraum, oder ein eigener Raum -<strong>Techniktisch<\/strong>, <strong>Gipsbereich<\/strong>, <strong>Labor-Stahlm\u00f6bel<\/strong>, sowie <strong>Labormotor<\/strong>&nbsp;geh\u00f6ren zum Inventar eines eigenen zahntechnischen Labor-Bereiches.<\/p>\r\n\r\n<p><strong>Techniktisch&nbsp;<\/strong><br>Die Condor Lab Linie von <em>Rossicaws<\/em> begleitet seit Jahren Zahntechniker in ihrem Berufsalltag und hat es daher geschafft Ergonomie, Unmittelbarkeit und Technologie harmonisch zu vereinen. Jedes Element passt harmonisch zum Gesamtkonzept, verzichtet auf \u00dcberfl\u00fcssiges und reduziert auf die Sch\u00f6nheit im Wesentlichen.<br>N\u00e4here Informationen: <a href=\"https:\/\/rossicaws.it\/de\/condorlab\/\">https:\/\/rossicaws.it\/de\/condorlab\/<\/a><\/p>\r\n\r\n<p>&nbsp;<\/p>\r\n<p><strong>Gipsbereich<\/strong><br><strong>Gipsr\u00fcttler<\/strong>, <strong>Gipsmixer<\/strong> und <strong>Gisptrimmer<\/strong> \u00fcbernehmen wichtige Funktionen in der Herstellung eines korrekten Modells. Der Gipsmixer f\u00fchrt die gesamte Arbeit (mischen, gie\u00dfen, r\u00fctteln) unter Vakuum durch, dies garantiert einwandfreie Ergebnisse: gleichm\u00e4\u00dfig gemischt, blasenfrei!&nbsp;Die eingebaute Vakuum-Pumpe ist besonders leise und wartungsfrei.&nbsp;Die Mischdauer kann durch einen Timer an der Maschine exakt gew\u00e4hlt werden. Der Gipsr\u00fcttler unterst\u00fctzt beim blasenfreien Ausgie\u00dfen des Abdruckes. Der Gipstrimmer bringt das Gipsmodell in Form und bereitet es f\u00fcr die weitere Bearbeitung vor.<\/p>\r\n\r\n<p>&nbsp;<\/p>\r\n<p><strong>Labor-Stahlm\u00f6bel<\/strong><br>Die Labor-Stahlm\u00f6bel von <em>Rossicaws<\/em> aus der Condor Lab Linie garantieren ergonomische und sofortige Effizienz, ohne Schnickschnack. Den Arbeitsalltag erleichtern gut erreichbare Laden und Beh\u00e4lter. Durch individuelle Adaptionen kann mehr Arbeitskomfort erreicht werden, beispielsweise durch Dunstabzugshauben, Monoblock Hauben oder andere Konfigurationen und Zubeh\u00f6r.<br>N\u00e4here Informationen: <a href=\"https:\/\/rossicaws.it\/de\/condorlab\/\">https:\/\/rossicaws.it\/de\/condorlab\/<\/a><\/p>\r\n\r\n<p><strong>Labormotor<\/strong><br>Das <em>Mikromotorhandst\u00fcck<\/em> von <em>NSK<\/em> bietet sanfte Laufeigenschaften und noch mehr Kraft. Dabei ist das 180\u00b0-Vektor- Kontrollsystem Garant f\u00fcr eine effiziente und stressfreie Arbeit. Die Form des Handst\u00fccks wurde mit gr\u00f6\u00dfter Sorgfalt unter vorrangiger Ber\u00fccksichtigung ergonomischer und funktioneller Aspekte entworfen. Das Ergebnis ist ein Handst\u00fcck, das die Handerm\u00fcdung erheblich reduziert und die Arbeit \u00fcber einen l\u00e4ngeren Zeitraum erleichtert. Die digitale Geschwindigkeitsanzeige erm\u00f6glicht ein leichtes Ablesen. Durch den Turbinenadapter lassen sich Mikromotor und Turbinenhandst\u00fcck mit einem einzigen Fu\u00df- oder Knieschalter bedienen.<br>N\u00e4here Informationen: <a href=\"http:\/\/www.germany.nsk-dental.com\/products\/laboratory\/ultimate_xl\/ultimate_xl\/umxlkt\/\">http:\/\/www.germany.nsk-dental.com\/products\/<\/a><\/p>\r\n<\/div><\/div><\/div><\/div><\/div><div class=\"vce-col vce-col--md-auto vce-col--xs-1 vce-col--xs-last vce-col--xs-first vce-col--sm-last vce-col--sm-first vce-col--md-last vce-col--lg-last vce-col--xl-last\" id=\"el-86535b9b\"><div class=\"vce-col-inner\" data-vce-do-apply=\"border margin background  el-86535b9b\"><div class=\"vce-col-content\" data-vce-element-content=\"true\" data-vce-do-apply=\"padding el-86535b9b\"><div class=\"vce-text-block\"><div class=\"vce-text-block-wrapper vce\" id=\"el-a33f1f81\" data-vce-do-apply=\"all el-a33f1f81\"><p>&nbsp;<\/p>\r\n<p>&nbsp;<\/p>\r\n<p>&nbsp;<\/p><\/div><\/div><div class=\"vce-single-image-container vce-single-image--align-center\"><div class=\"vce vce-single-image-wrapper\" id=\"el-8a60a316\" data-vce-do-apply=\"all el-8a60a316\"><figure><div class=\"vce-single-image-inner vce-single-image--absolute\" style=\"padding-bottom: 77.33333333333333%; width: 300px;\"><img class=\"vce-single-image\" width=\"300\" height=\"232\"src=\"http:\/\/isg-gmbh.at\/wp-content\/uploads\/2020\/07\/Techniktisch-300x232.jpg\" srcset=\"http:\/\/isg-gmbh.at\/wp-content\/uploads\/2020\/07\/Techniktisch-300x232.jpg 300w\" data-img-src=\"http:\/\/isg-gmbh.at\/wp-content\/uploads\/2020\/06\/Techniktisch.jpg\" alt=\"\" title=\"Techniktisch\" \/><\/div><figcaption hidden=\"\"><\/figcaption><\/figure><\/div><\/div><div class=\"vce-single-image-container vce-single-image--align-center\"><div class=\"vce vce-single-image-wrapper\" id=\"el-c5ab79bb\" data-vce-do-apply=\"all el-c5ab79bb\"><figure><div class=\"vce-single-image-inner vce-single-image--absolute\" style=\"padding-bottom: 150%; width: 100px;\"><img class=\"vce-single-image\" width=\"100\" height=\"150\"src=\"http:\/\/isg-gmbh.at\/wp-content\/uploads\/2020\/07\/Gipsmixer-100x150.jpg\" srcset=\"http:\/\/isg-gmbh.at\/wp-content\/uploads\/2020\/07\/Gipsmixer-100x150.jpg 100w\" data-img-src=\"http:\/\/isg-gmbh.at\/wp-content\/uploads\/2020\/06\/Gipsmixer.jpg\" alt=\"\" title=\"Gipsmixer\" \/><\/div><figcaption hidden=\"\"><\/figcaption><\/figure><\/div><\/div><div class=\"vce-single-image-container vce-single-image--align-center\"><div class=\"vce vce-single-image-wrapper\" id=\"el-2a14c4e8\" data-vce-do-apply=\"all el-2a14c4e8\"><figure><div class=\"vce-single-image-inner vce-single-image--absolute\" style=\"padding-bottom: 100%; width: 150px;\"><img class=\"vce-single-image\" width=\"150\" height=\"150\"src=\"http:\/\/isg-gmbh.at\/wp-content\/uploads\/2020\/07\/Gipstrimmer-150x150.png\" srcset=\"http:\/\/isg-gmbh.at\/wp-content\/uploads\/2020\/07\/Gipstrimmer-150x150.png 150w\" data-img-src=\"http:\/\/isg-gmbh.at\/wp-content\/uploads\/2020\/06\/Gipstrimmer.png\" alt=\"\" title=\"Gipstrimmer\" \/><\/div><figcaption hidden=\"\"><\/figcaption><\/figure><\/div><\/div><div class=\"vce-single-image-container vce-single-image--align-center\"><div class=\"vce vce-single-image-wrapper\" id=\"el-b126486b\" data-vce-do-apply=\"all el-b126486b\"><figure><div class=\"vce-single-image-inner vce-single-image--absolute\" style=\"padding-bottom: 80.45685279187818%; width: 394px;\"><img class=\"vce-single-image\" width=\"394\" height=\"317\"src=\"http:\/\/isg-gmbh.at\/wp-content\/uploads\/2020\/07\/Laborstahlm\u00f6bel-394x317.jpg\" srcset=\"http:\/\/isg-gmbh.at\/wp-content\/uploads\/2020\/07\/Laborstahlm\u00f6bel-320x257.jpg 320w,http:\/\/isg-gmbh.at\/wp-content\/uploads\/2020\/07\/Laborstahlm\u00f6bel-394x317.jpg 394w\" data-img-src=\"http:\/\/isg-gmbh.at\/wp-content\/uploads\/2020\/06\/Laborstahlm\u00f6bel.jpg\" alt=\"\" title=\"Laborstahlm\u00f6bel\" \/><\/div><figcaption hidden=\"\"><\/figcaption><\/figure><\/div><\/div><div class=\"vce-single-image-container vce-single-image--align-center\"><div class=\"vce vce-single-image-wrapper\" id=\"el-1a7e8b02\" data-vce-do-apply=\"all el-1a7e8b02\"><figure><div class=\"vce-single-image-inner vce-single-image--absolute\" style=\"padding-bottom: 75.33333333333333%; width: 300px;\"><img class=\"vce-single-image\" width=\"300\" height=\"226\"src=\"http:\/\/isg-gmbh.at\/wp-content\/uploads\/2020\/07\/Labormotor-300x226.jpg\" srcset=\"http:\/\/isg-gmbh.at\/wp-content\/uploads\/2020\/07\/Labormotor-300x226.jpg 300w\" data-img-src=\"http:\/\/isg-gmbh.at\/wp-content\/uploads\/2020\/06\/Labormotor.jpg\" alt=\"\" title=\"Labormotor\" \/><\/div><figcaption hidden=\"\"><\/figcaption><\/figure><\/div><\/div><\/div><\/div><\/div><\/div><\/div><\/div>","protected":false},"excerpt":{"rendered":"<p>Ein eigener zahntechnischer Bereich in der Ordination bringt Vorteile und erleichtert oftmals die prothetische Arbeit am Patienten. Ob lediglich ein kleiner Bereich in einem Ordinationsraum, oder ein eigener Raum -Techniktisch, Gipsbereich, Labor-Stahlm\u00f6bel, sowie Labormotor&nbsp;geh\u00f6ren zum Inventar eines eigenen zahntechnischen Labor-Bereiches. Techniktisch&nbsp;Die Condor Lab Linie von Rossicaws begleitet seit Jahren Zahntechniker in ihrem Berufsalltag und hat [&hellip;]<\/p>\n","protected":false},"author":1,"featured_media":0,"parent":0,"menu_order":3,"comment_status":"closed","ping_status":"closed","template":"templates\/flexible-pro-services-two.php","meta":[],"_links":{"self":[{"href":"http:\/\/isg-gmbh.at\/index.php?rest_route=\/wp\/v2\/pages\/76"}],"collection":[{"href":"http:\/\/isg-gmbh.at\/index.php?rest_route=\/wp\/v2\/pages"}],"about":[{"href":"http:\/\/isg-gmbh.at\/index.php?rest_route=\/wp\/v2\/types\/page"}],"author":[{"embeddable":true,"href":"http:\/\/isg-gmbh.at\/index.php?rest_route=\/wp\/v2\/users\/1"}],"replies":[{"embeddable":true,"href":"http:\/\/isg-gmbh.at\/index.php?rest_route=%2Fwp%2Fv2%2Fcomments&post=76"}],"version-history":[{"count":1,"href":"http:\/\/isg-gmbh.at\/index.php?rest_route=\/wp\/v2\/pages\/76\/revisions"}],"predecessor-version":[{"id":271,"href":"http:\/\/isg-gmbh.at\/index.php?rest_route=\/wp\/v2\/pages\/76\/revisions\/271"}],"wp:attachment":[{"href":"http:\/\/isg-gmbh.at\/index.php?rest_route=%2Fwp%2Fv2%2Fmedia&parent=76"}],"curies":[{"name":"wp","href":"https:\/\/api.w.org\/{rel}","templated":true}]}}