{"id":79,"date":"2020-04-22T13:43:09","date_gmt":"2020-04-22T11:43:09","guid":{"rendered":"http:\/\/www.isg-gmbh.at\/?page_id=79"},"modified":"2020-06-29T12:53:30","modified_gmt":"2020-06-29T10:53:30","slug":"chirurgie","status":"publish","type":"page","link":"http:\/\/isg-gmbh.at\/?page_id=79","title":{"rendered":"Chirurgie"},"content":{"rendered":"<div class=\"vce-row-container\"><div class=\"vce-row vce-row--col-gap-30 vce-row-columns--top vce-row-content--top\" id=\"el-f981d078\" data-vce-do-apply=\"all el-f981d078\"><div class=\"vce-row-content\" data-vce-element-content=\"true\"><div class=\"vce-col vce-col--md-auto vce-col--xs-1 vce-col--xs-last vce-col--xs-first vce-col--sm-last vce-col--sm-first vce-col--md-first vce-col--lg-first vce-col--xl-first\" id=\"el-00b878e4\"><div class=\"vce-col-inner\" data-vce-do-apply=\"border margin background  el-00b878e4\"><div class=\"vce-col-content\" data-vce-element-content=\"true\" data-vce-do-apply=\"padding el-00b878e4\"><div class=\"vce-text-block\"><div class=\"vce-text-block-wrapper vce\" id=\"el-e6be3aa1\" data-vce-do-apply=\"all el-e6be3aa1\">\n<p>Zahn\u00e4rzten, welche in der oralen Chirurgie t\u00e4tig sind, wird die t\u00e4gliche Arbeit durch passende Ger\u00e4tschaften erleichtert. <strong>Chirurgiemotor<\/strong>, <strong>chirurgischer Ultraschall<\/strong>, <strong>Diodenlaser<\/strong>, <strong>Elektrochirurgie<\/strong> geh\u00f6ren da auf jeden Fall in die Ordination.<\/p>\n\n<p><strong>Chirurgiemotor<\/strong><br>Der Chirurgiemotor von <em>NSK<\/em> bietet mehr Leistungsf\u00e4higkeit, ist kleiner und noch leichter. Bei der Entwicklung werden Daten und Erkenntnisse aus der Praxis herangezogen und analysiert, um die allt\u00e4glichen Anforderungen zu erf\u00fcllen. Der starke Drehmotor von 80 Ccm r\u00fcstet f\u00fcr die unterschiedlichsten Operationen. Die LED-Beleuchtung erm\u00f6glicht pr\u00e4zisere Behandlungen. Der leichte Mikromotor ist gut ausbalanciert und kompakt. Da aufgrund der guten Lebensdauer auch Hochtemperatur-Sterilisation m\u00f6glich ist, kann sauberes Arbeiten gew\u00e4hrleistet werden.<br>N\u00e4here Informationen: <a href=\"http:\/\/www.germany.nsk-dental.com\/products\/surgical\/surgic_pro\/\">http:\/\/www.germany.nsk-dental.com\/products\/<\/a><\/p>\n\n<p><strong>Chirurgischer Ultraschall<\/strong><br>Der chirurgische Ultraschall von <em>NSK<\/em> vereint ein ideal abgestimmtes Verh\u00e4ltnis folgender drei Faktoren: Frequenzsteuerung der Steuereinheit, Vibrationseigenschaften des Handst\u00fccks und ein der verwendeten Kraft angemessener Aufsatz mit einer entsprechenden Schneidensch\u00e4rfe.&nbsp;Die effiziente Behandlung wird durch ein ergonomisch gestaltetes, schlankes Handst\u00fcck, die LED Beleuchtung und die hohe Lebensdauer sichergestellt.<br>N\u00e4here Informationen: <a href=\"http:\/\/www.germany.nsk-dental.com\/products\/surgical\/variosurg\/\">http:\/\/www.germany.nsk-dental.com\/products\/<\/a><\/p>\n\n<p><strong>Diodenlaser<\/strong><br>Der <em>DenLase<\/em> Diodenlaser ist speziell f\u00fcr minimalinvasive und schmerzarme Anwendungen im weichen Gewebe konzipiert. Dabei wird die Blutung reduziert und die Heilung beschleunigt.<br>Bei diesem anwendungsfreundlichen Ger\u00e4t wird die Energie des Diodenlasers durch eine flexible optische Glasfaser direkt an die zu behandelnde Stelle gef\u00fchrt und erlaubt somit eine bequeme und sichere Handhabung. Anwenderfreundliches Design, Luftk\u00fchlung, schneller Zugriff auf g\u00e4ngige Indikationen, sowie Bleachinghandst\u00fcck f\u00fcr Einzelz\u00e4hne und gesamte Quadranten z\u00e4hlen zu den Vorteilen.<br>Wellenl\u00e4nge: 810 nm \/ 980 nm<br>Ausgangsleistung: 0,5 - 7 Watt (in 0,1 Watt-Schritten)<br>Pilotstrahl: 650 nm \/ 1 mW, sichtbares rot, regelbar<br>Dauerstrich (CW) \/ Puls<br>Pulsbreits: 5 ms - 30 Sekunden<br>Pulsintervall: 5 ms - 10 Sekunden<br>Pulswiederholung: - 100 Hz<br>Strahlf\u00fchrung: flexible Glasfaser<\/p>\n\n<p><strong>Elektrochirurgie<\/strong><br>Ob Exzision, Gingivoplastik oder Koagulation \u2013 das Hochfrequenz-Elektrochirurgie-Ger\u00e4t steuert f\u00fcr alle elektrochirurgischen Anwendungen die Leistungsst\u00e4rke automatisch und gew\u00e4hrleistet so das h\u00f6chste Ma\u00df an Sicherheit f\u00fcr Patient und Behandler. Mit der Leistungsaufnahme von 30 Watt&nbsp;bei einem reduzierten Energieverlust, einem leitf\u00e4higen Armband f\u00fcr den Patienten und der effektiven Blutungskontrolle bietet es dem Anwender eine vorhersehbare und schonende, aber auch effektive Schnittf\u00fchrung ohne Nebenwirkungen. Schnitttiefe und Koagulation k\u00f6nnen dabei unabh\u00e4ngig voneinander gesteuert werden.<\/p>\n\n<p>&nbsp;<\/p>\n<\/div><\/div><\/div><\/div><\/div><div class=\"vce-col vce-col--md-auto vce-col--xs-1 vce-col--xs-last vce-col--xs-first vce-col--sm-last vce-col--sm-first vce-col--md-last vce-col--lg-last vce-col--xl-last\" id=\"el-69d7b766\"><div class=\"vce-col-inner\" data-vce-do-apply=\"border margin background  el-69d7b766\"><div class=\"vce-col-content\" data-vce-element-content=\"true\" data-vce-do-apply=\"padding el-69d7b766\"><div class=\"vce-text-block\"><div class=\"vce-text-block-wrapper vce\" id=\"el-1c090405\" data-vce-do-apply=\"all el-1c090405\"><p>&nbsp;<\/p>\n<p>&nbsp;<\/p>\n<p>&nbsp;<\/p><\/div><\/div><div class=\"vce-single-image-container vce-single-image--align-center\"><div class=\"vce vce-single-image-wrapper\" id=\"el-b3fbda36\" data-vce-do-apply=\"all el-b3fbda36\"><figure><div class=\"vce-single-image-inner vce-single-image--absolute\" style=\"padding-bottom: 66.66666666666666%; width: 150px;\"><img class=\"vce-single-image\" width=\"150\" height=\"100\"src=\"http:\/\/isg-gmbh.at\/wp-content\/uploads\/2020\/06\/Chirurgiemotor-1-150x100.jpg\" srcset=\"http:\/\/isg-gmbh.at\/wp-content\/uploads\/2020\/06\/Chirurgiemotor-1-150x100.jpg 150w\" data-img-src=\"http:\/\/isg-gmbh.at\/wp-content\/uploads\/2020\/06\/Chirurgiemotor-1.jpg\" alt=\"\" title=\"Chirurgiemotor-1\" \/><\/div><figcaption hidden=\"\"><\/figcaption><\/figure><\/div><\/div><div class=\"vce-single-image-container vce-single-image--align-center\"><div class=\"vce vce-single-image-wrapper\" id=\"el-d89fe32f\" data-vce-do-apply=\"all el-d89fe32f\"><figure><div class=\"vce-single-image-inner vce-single-image--absolute\" style=\"padding-bottom: 80%; width: 150px;\"><img class=\"vce-single-image\" width=\"150\" height=\"120\"src=\"http:\/\/isg-gmbh.at\/wp-content\/uploads\/2020\/06\/Chirurgiemotor-2-150x120.jpg\" srcset=\"http:\/\/isg-gmbh.at\/wp-content\/uploads\/2020\/06\/Chirurgiemotor-2-150x120.jpg 150w\" data-img-src=\"http:\/\/isg-gmbh.at\/wp-content\/uploads\/2020\/06\/Chirurgiemotor-2.jpg\" alt=\"\" title=\"Chirurgiemotor-2\" \/><\/div><figcaption hidden=\"\"><\/figcaption><\/figure><\/div><\/div><div class=\"vce-text-block\"><div class=\"vce-text-block-wrapper vce\" id=\"el-c12d5d74\" data-vce-do-apply=\"all el-c12d5d74\"><\/div><\/div><div class=\"vce-single-image-container vce-single-image--align-center\"><div class=\"vce vce-single-image-wrapper\" id=\"el-38eb37bc\" data-vce-do-apply=\"all el-38eb37bc\"><figure><div class=\"vce-single-image-inner vce-single-image--absolute\" style=\"padding-bottom: 66.66666666666666%; width: 150px;\"><img class=\"vce-single-image\" width=\"150\" height=\"100\"src=\"http:\/\/isg-gmbh.at\/wp-content\/uploads\/2020\/06\/chir.-Ultraschall-0-150x100.jpg\" srcset=\"http:\/\/isg-gmbh.at\/wp-content\/uploads\/2020\/06\/chir.-Ultraschall-0-150x100.jpg 150w\" data-img-src=\"http:\/\/isg-gmbh.at\/wp-content\/uploads\/2020\/06\/chir.-Ultraschall-0.jpg\" alt=\"\" title=\"chir. Ultraschall-0\" \/><\/div><figcaption hidden=\"\"><\/figcaption><\/figure><\/div><\/div><div class=\"vce-single-image-container vce-single-image--align-center\"><div class=\"vce vce-single-image-wrapper\" id=\"el-5e46f1ee\" data-vce-do-apply=\"all el-5e46f1ee\"><figure><div class=\"vce-single-image-inner vce-single-image--absolute\" style=\"padding-bottom: 200%; width: 100px;\"><img class=\"vce-single-image\" width=\"100\" height=\"200\"src=\"http:\/\/isg-gmbh.at\/wp-content\/uploads\/2020\/06\/chir.-Ultraschall-1-100x200.jpg\" srcset=\"http:\/\/isg-gmbh.at\/wp-content\/uploads\/2020\/06\/chir.-Ultraschall-1-100x200.jpg 100w\" data-img-src=\"http:\/\/isg-gmbh.at\/wp-content\/uploads\/2020\/06\/chir.-Ultraschall-1.jpg\" alt=\"\" title=\"chir. Ultraschall-1\" \/><\/div><figcaption hidden=\"\"><\/figcaption><\/figure><\/div><\/div><div class=\"vce-text-block\"><div class=\"vce-text-block-wrapper vce\" id=\"el-a4fa2557\" data-vce-do-apply=\"all el-a4fa2557\"><\/div><\/div><div class=\"vce-single-image-container vce-single-image--align-center\"><div class=\"vce vce-single-image-wrapper\" id=\"el-29491b05\" data-vce-do-apply=\"all el-29491b05\"><figure><div class=\"vce-single-image-inner vce-single-image--absolute\" style=\"padding-bottom: 105.63380281690141%; width: 284px;\"><img class=\"vce-single-image\" width=\"284\" height=\"300\"src=\"http:\/\/isg-gmbh.at\/wp-content\/uploads\/2020\/06\/DenLase-284x300.jpg\" srcset=\"http:\/\/isg-gmbh.at\/wp-content\/uploads\/2020\/06\/DenLase-284x300.jpg 284w\" data-img-src=\"http:\/\/isg-gmbh.at\/wp-content\/uploads\/2020\/06\/DenLase.jpg\" alt=\"\" title=\"DenLase\" \/><\/div><figcaption hidden=\"\"><\/figcaption><\/figure><\/div><\/div><div class=\"vce-single-image-container vce-single-image--align-center\"><div class=\"vce vce-single-image-wrapper\" id=\"el-f64fbdd9\" data-vce-do-apply=\"all el-f64fbdd9\"><figure><div class=\"vce-single-image-inner vce-single-image--absolute\" style=\"padding-bottom: 71.33333333333334%; width: 300px;\"><img class=\"vce-single-image\" width=\"300\" height=\"214\"src=\"http:\/\/isg-gmbh.at\/wp-content\/uploads\/2020\/06\/Elektrochirurgie-1-300x214.jpg\" srcset=\"http:\/\/isg-gmbh.at\/wp-content\/uploads\/2020\/06\/Elektrochirurgie-1-300x214.jpg 300w\" data-img-src=\"http:\/\/isg-gmbh.at\/wp-content\/uploads\/2020\/06\/Elektrochirurgie-1.jpg\" alt=\"\" title=\"Elektrochirurgie-1\" \/><\/div><figcaption hidden=\"\"><\/figcaption><\/figure><\/div><\/div><div class=\"vce-single-image-container vce-single-image--align-center\"><div class=\"vce vce-single-image-wrapper\" id=\"el-e0724ef6\" data-vce-do-apply=\"all el-e0724ef6\"><figure><div class=\"vce-single-image-inner vce-single-image--absolute\" style=\"padding-bottom: 100%; width: 150px;\"><img class=\"vce-single-image\" width=\"150\" height=\"150\"src=\"http:\/\/isg-gmbh.at\/wp-content\/uploads\/2020\/06\/Elektrochirurgie-2-150x150.jpg\" srcset=\"http:\/\/isg-gmbh.at\/wp-content\/uploads\/2020\/06\/Elektrochirurgie-2-150x150.jpg 150w\" data-img-src=\"http:\/\/isg-gmbh.at\/wp-content\/uploads\/2020\/06\/Elektrochirurgie-2.jpg\" alt=\"\" title=\"Elektrochirurgie-2\" \/><\/div><figcaption hidden=\"\"><\/figcaption><\/figure><\/div><\/div><\/div><\/div><\/div><\/div><\/div><\/div>","protected":false},"excerpt":{"rendered":"<p>Zahn\u00e4rzten, welche in der oralen Chirurgie t\u00e4tig sind, wird die t\u00e4gliche Arbeit durch passende Ger\u00e4tschaften erleichtert. Chirurgiemotor, chirurgischer Ultraschall, Diodenlaser, Elektrochirurgie geh\u00f6ren da auf jeden Fall in die Ordination. ChirurgiemotorDer Chirurgiemotor von NSK bietet mehr Leistungsf\u00e4higkeit, ist kleiner und noch leichter. Bei der Entwicklung werden Daten und Erkenntnisse aus der Praxis herangezogen und analysiert, um [&hellip;]<\/p>\n","protected":false},"author":1,"featured_media":93,"parent":0,"menu_order":1,"comment_status":"closed","ping_status":"closed","template":"templates\/flexible-pro-portfolio-two.php","meta":[],"_links":{"self":[{"href":"http:\/\/isg-gmbh.at\/index.php?rest_route=\/wp\/v2\/pages\/79"}],"collection":[{"href":"http:\/\/isg-gmbh.at\/index.php?rest_route=\/wp\/v2\/pages"}],"about":[{"href":"http:\/\/isg-gmbh.at\/index.php?rest_route=\/wp\/v2\/types\/page"}],"author":[{"embeddable":true,"href":"http:\/\/isg-gmbh.at\/index.php?rest_route=\/wp\/v2\/users\/1"}],"replies":[{"embeddable":true,"href":"http:\/\/isg-gmbh.at\/index.php?rest_route=%2Fwp%2Fv2%2Fcomments&post=79"}],"version-history":[{"count":0,"href":"http:\/\/isg-gmbh.at\/index.php?rest_route=\/wp\/v2\/pages\/79\/revisions"}],"wp:featuredmedia":[{"embeddable":true,"href":"http:\/\/isg-gmbh.at\/index.php?rest_route=\/wp\/v2\/media\/93"}],"wp:attachment":[{"href":"http:\/\/isg-gmbh.at\/index.php?rest_route=%2Fwp%2Fv2%2Fmedia&parent=79"}],"curies":[{"name":"wp","href":"https:\/\/api.w.org\/{rel}","templated":true}]}}