{"id":80,"date":"2020-04-22T13:46:37","date_gmt":"2020-04-22T11:46:37","guid":{"rendered":"http:\/\/www.isg-gmbh.at\/?page_id=80"},"modified":"2020-07-06T19:18:17","modified_gmt":"2020-07-06T17:18:17","slug":"implantologie","status":"publish","type":"page","link":"http:\/\/isg-gmbh.at\/?page_id=80","title":{"rendered":"Implantologie"},"content":{"rendered":"<div class=\"vce-row-container\"><div class=\"vce-row vce-row--col-gap-30 vce-row-columns--top vce-row-content--top\" id=\"el-0133b539\" data-vce-do-apply=\"all el-0133b539\"><div class=\"vce-row-content\" data-vce-element-content=\"true\"><div class=\"vce-col vce-col--md-auto vce-col--xs-1 vce-col--xs-last vce-col--xs-first vce-col--sm-last vce-col--sm-first vce-col--md-first vce-col--lg-first vce-col--xl-first\" id=\"el-b7cafd18\"><div class=\"vce-col-inner\" data-vce-do-apply=\"border margin background  el-b7cafd18\"><div class=\"vce-col-content\" data-vce-element-content=\"true\" data-vce-do-apply=\"padding el-b7cafd18\"><div class=\"vce-text-block\"><div class=\"vce-text-block-wrapper vce\" id=\"el-40f3e0b9\" data-vce-do-apply=\"all el-40f3e0b9\">\n<p>Implantat, Aufbauteil \/ Abutment, Labor Analog, sowie Chirurgiekassette, chir. Instrumente, Keratoren, Knochenersatzmaterial und Ger\u00e4te f\u00fcr die Implantologie<\/p>\n\n<p>&nbsp;<\/p>\n\n<p><strong>Implantat<\/strong><br>Alles \u00fcber und rund um das Implantat (Aufbauteile, Abformpfosten, Labor-Analoge, etc.) finden Sie unter <a href=\"https:\/\/megagen-austria.at\">https:\/\/megagen-austria.at<\/a><\/p>\n\n<p>&nbsp;<\/p>\n\n<p><strong>Keratoren<\/strong><br><em>Kerator<\/em> Aufbauteile &nbsp;gibt es f\u00fcr alle Implantatsystem:&nbsp;Nobel Biocare, (Sterioss, Replace, Replace Select), Branemark, 3i, Astra, ITI, Ankylos, Biohorizon, Biolok, Bicon, Camlog, Endopore, Frialit-2&amp;Xive, Lifecore, Zimmer (Calcitek, Paragon, Swissplus), Uniti, Pitt-Easy, Osstem, Dentium, Dio, Dentis, Megagen, Cowell Medi, Warantec\u2026<br>Die&nbsp;<strong>Vorteile<\/strong> liegen in der Einmal-Einbringhilfe, der sehr niedrigen K\u00e4ppchenh\u00f6he, der langj\u00e4hrigen Funktion aufgrund beidseitiger Retentionen (elastische Matrize und elastische Patrize), dem besonders guten Anhaften und Halt im Polymerisat und den 15\u00b0 angulierten Aufbauteilen, welche die problemlose Versorgung von nicht parallel gesetzten Implantaten erm\u00f6glichen.<\/p>\n\n<p>&nbsp;<\/p>\n\n<p><strong>Knochersatzmaterial<\/strong>, <strong>chir. Instrumente<\/strong>, sowie <strong>Ger\u00e4te f\u00fcr die Implantologie <\/strong>stellen wir Ihnen gerne im pers\u00f6nlich Gespr\u00e4ch vor.<\/p>\n<\/div><\/div><\/div><\/div><\/div><div class=\"vce-col vce-col--md-auto vce-col--xs-1 vce-col--xs-last vce-col--xs-first vce-col--sm-last vce-col--sm-first vce-col--md-last vce-col--lg-last vce-col--xl-last\" id=\"el-914f711f\"><div class=\"vce-col-inner\" data-vce-do-apply=\"border margin background  el-914f711f\"><div class=\"vce-col-content\" data-vce-element-content=\"true\" data-vce-do-apply=\"padding el-914f711f\"><div class=\"vce-single-image-container vce-single-image--align-center\"><div class=\"vce vce-single-image-wrapper\" id=\"el-bd204c23\" data-vce-do-apply=\"all el-bd204c23\"><figure><div class=\"vce-single-image-inner vce-single-image--absolute\" style=\"padding-bottom: 68%; width: 250px;\"><img class=\"vce-single-image\" width=\"250\" height=\"170\"src=\"http:\/\/isg-gmbh.at\/wp-content\/uploads\/2020\/07\/das-Implantat-250x170.png\" srcset=\"http:\/\/isg-gmbh.at\/wp-content\/uploads\/2020\/07\/das-Implantat-250x170.png 250w\" data-img-src=\"http:\/\/isg-gmbh.at\/wp-content\/uploads\/2020\/04\/das-Implantat.png\" alt=\"\" title=\"Implantat\" \/><\/div><figcaption hidden=\"\"><\/figcaption><\/figure><\/div><\/div><div class=\"vce-single-image-container vce-single-image--align-center\"><div class=\"vce vce-single-image-wrapper\" id=\"el-10c40d2d\" data-vce-do-apply=\"all el-10c40d2d\"><figure><div class=\"vce-single-image-inner vce-single-image--absolute\" style=\"padding-bottom: 289.3939393939394%; width: 132px;\"><img class=\"vce-single-image\" width=\"132\" height=\"382\"src=\"http:\/\/isg-gmbh.at\/wp-content\/uploads\/2020\/07\/Keratoren-132x382.jpg\" srcset=\"http:\/\/isg-gmbh.at\/wp-content\/uploads\/2020\/07\/Keratoren-132x382.jpg 132w\" data-img-src=\"http:\/\/isg-gmbh.at\/wp-content\/uploads\/2020\/06\/Keratoren.jpg\" alt=\"\" title=\"Keratoren\" \/><\/div><figcaption hidden=\"\"><\/figcaption><\/figure><\/div><\/div><\/div><\/div><\/div><\/div><\/div><\/div>","protected":false},"excerpt":{"rendered":"<p>Implantat, Aufbauteil \/ Abutment, Labor Analog, sowie Chirurgiekassette, chir. Instrumente, Keratoren, Knochenersatzmaterial und Ger\u00e4te f\u00fcr die Implantologie &nbsp; ImplantatAlles \u00fcber und rund um das Implantat (Aufbauteile, Abformpfosten, Labor-Analoge, etc.) finden Sie unter https:\/\/megagen-austria.at &nbsp; KeratorenKerator Aufbauteile &nbsp;gibt es f\u00fcr alle Implantatsystem:&nbsp;Nobel Biocare, (Sterioss, Replace, Replace Select), Branemark, 3i, Astra, ITI, Ankylos, Biohorizon, Biolok, Bicon, Camlog, [&hellip;]<\/p>\n","protected":false},"author":1,"featured_media":81,"parent":0,"menu_order":2,"comment_status":"closed","ping_status":"closed","template":"templates\/flexible-pro-portfolio-two.php","meta":[],"_links":{"self":[{"href":"http:\/\/isg-gmbh.at\/index.php?rest_route=\/wp\/v2\/pages\/80"}],"collection":[{"href":"http:\/\/isg-gmbh.at\/index.php?rest_route=\/wp\/v2\/pages"}],"about":[{"href":"http:\/\/isg-gmbh.at\/index.php?rest_route=\/wp\/v2\/types\/page"}],"author":[{"embeddable":true,"href":"http:\/\/isg-gmbh.at\/index.php?rest_route=\/wp\/v2\/users\/1"}],"replies":[{"embeddable":true,"href":"http:\/\/isg-gmbh.at\/index.php?rest_route=%2Fwp%2Fv2%2Fcomments&post=80"}],"version-history":[{"count":0,"href":"http:\/\/isg-gmbh.at\/index.php?rest_route=\/wp\/v2\/pages\/80\/revisions"}],"wp:featuredmedia":[{"embeddable":true,"href":"http:\/\/isg-gmbh.at\/index.php?rest_route=\/wp\/v2\/media\/81"}],"wp:attachment":[{"href":"http:\/\/isg-gmbh.at\/index.php?rest_route=%2Fwp%2Fv2%2Fmedia&parent=80"}],"curies":[{"name":"wp","href":"https:\/\/api.w.org\/{rel}","templated":true}]}}